{"id":6336,"date":"2024-10-30T09:40:10","date_gmt":"2024-10-30T07:40:10","guid":{"rendered":"https:\/\/biofood.md\/?post_type=product&#038;p=6336"},"modified":"2024-10-30T09:47:07","modified_gmt":"2024-10-30T07:47:07","slug":"ceai-din-plante-zabriceni","status":"publish","type":"product","link":"https:\/\/biofood.md\/ru\/produs\/ceai-din-plante-zabriceni\/","title":{"rendered":"Ceai din plante Z\u0103briceni 100g"},"content":{"rendered":"<p>O combina\u021bie des\u0103v\u00e2r\u0219it\u0103 din cele mai diverse plante \u0219i flori: frunze de coac\u0103z, frunze de melis\u0103, frunze de ment\u0103, flori de lev\u0103n\u021bic\u0103, flori de mu\u0219e\u021bel \u0219i petale de floarea soarelui. Perfect pentru a te lini\u0219ti \u0219i a uita de grijile cotidiene!<br \/>\nA s<span class=\"morecontent\">e p\u0103stra la un loc uscat, ferit de lumin\u0103, la temperatura sub 25 \u00b0C.\u00a0<\/span><\/p>\n","protected":false},"excerpt":{"rendered":"<p>O combina\u021bie des\u0103v\u00e2r\u0219it\u0103 din cele mai diverse plante \u0219i flori: frunze de coac\u0103z, frunze de melis\u0103, frunze de ment\u0103, flori<\/p>\n","protected":false},"featured_media":6337,"comment_status":"closed","ping_status":"closed","template":"","meta":[],"product_cat":[395,538],"product_tag":[],"class_list":["post-6336","product","type-product","status-publish","has-post-thumbnail","hentry","product_cat-ceai-ecologic","product_cat-eco","pa_size-397"],"yoast_head":"<!-- This site is optimized with the Yoast SEO plugin v19.14 - https:\/\/yoast.com\/wordpress\/plugins\/seo\/ -->\n<title>Ceai din plante Z\u0103briceni 100g - Biofood<\/title>\n<meta name=\"robots\" content=\"index, follow, max-snippet:-1, max-image-preview:large, max-video-preview:-1\" \/>\n<link rel=\"canonical\" href=\"https:\/\/biofood.md\/ru\/produs\/ceai-din-plante-zabriceni\/\" \/>\n<meta property=\"og:locale\" content=\"ru_RU\" \/>\n<meta property=\"og:type\" content=\"article\" \/>\n<meta property=\"og:title\" content=\"Ceai din plante Z\u0103briceni 100g - Biofood\" \/>\n<meta property=\"og:description\" content=\"O combina\u021bie des\u0103v\u00e2r\u0219it\u0103 din cele mai diverse plante \u0219i flori: frunze de coac\u0103z, frunze de melis\u0103, frunze de ment\u0103, flori\" \/>\n<meta property=\"og:url\" content=\"https:\/\/biofood.md\/ru\/produs\/ceai-din-plante-zabriceni\/\" \/>\n<meta property=\"og:site_name\" content=\"Biofood\" \/>\n<meta property=\"article:modified_time\" content=\"2024-10-30T07:47:07+00:00\" \/>\n<meta property=\"og:image\" content=\"https:\/\/biofood.md\/wp-content\/uploads\/2024\/10\/zabriceni-inf.jpg\" \/>\n\t<meta property=\"og:image:width\" content=\"660\" \/>\n\t<meta property=\"og:image:height\" content=\"660\" \/>\n\t<meta property=\"og:image:type\" content=\"image\/jpeg\" \/>\n<meta name=\"twitter:card\" content=\"summary_large_image\" \/>\n<meta name=\"twitter:label1\" content=\"\u0426\u0435\u043d\u0430\" \/>\n\t<meta name=\"twitter:data1\" content=\"60.00&nbsp;MDL\" \/>\n\t<meta name=\"twitter:label2\" content=\"Availability\" \/>\n\t<meta name=\"twitter:data2\" content=\"In stock\" \/>\n<script type=\"application\/ld+json\" class=\"yoast-schema-graph\">{\"@context\":\"https:\/\/schema.org\",\"@graph\":[{\"@type\":\"WebPage\",\"@id\":\"https:\/\/biofood.md\/ru\/produs\/ceai-din-plante-zabriceni\/\",\"url\":\"https:\/\/biofood.md\/ru\/produs\/ceai-din-plante-zabriceni\/\",\"name\":\"Ceai din plante Z\u0103briceni 100g - Biofood\",\"isPartOf\":{\"@id\":\"https:\/\/biofood.md\/#website\"},\"datePublished\":\"2024-10-30T07:40:10+00:00\",\"dateModified\":\"2024-10-30T07:47:07+00:00\",\"breadcrumb\":{\"@id\":\"https:\/\/biofood.md\/ru\/produs\/ceai-din-plante-zabriceni\/#breadcrumb\"},\"inLanguage\":\"ru-RU\",\"potentialAction\":[{\"@type\":\"ReadAction\",\"target\":[\"https:\/\/biofood.md\/ru\/produs\/ceai-din-plante-zabriceni\/\"]}]},{\"@type\":\"BreadcrumbList\",\"@id\":\"https:\/\/biofood.md\/ru\/produs\/ceai-din-plante-zabriceni\/#breadcrumb\",\"itemListElement\":[{\"@type\":\"ListItem\",\"position\":1,\"name\":\"\u0413\u043b\u0430\u0432\u043d\u0430\u044f\",\"item\":\"https:\/\/biofood.md\/ru\/\"},{\"@type\":\"ListItem\",\"position\":2,\"name\":\"\u041a\u0430\u0442\u0430\u043b\u043e\u0433\",\"item\":\"https:\/\/biofood.md\/ru\/katalog\/\"},{\"@type\":\"ListItem\",\"position\":3,\"name\":\"\u041e\u0440\u0433\u0430\u043d\u0438\u0447\u0435\u0441\u043a\u0438\u0439 \u0447\u0430\u0439\",\"item\":\"https:\/\/biofood.md\/categorie-produs\/ceai-ecologic\/\"},{\"@type\":\"ListItem\",\"position\":4,\"name\":\"Ceai din plante Z\u0103briceni 100g\"}]},{\"@type\":\"WebSite\",\"@id\":\"https:\/\/biofood.md\/#website\",\"url\":\"https:\/\/biofood.md\/\",\"name\":\"Biofood\",\"description\":\"Just another WordPress site\",\"publisher\":{\"@id\":\"https:\/\/biofood.md\/#organization\"},\"potentialAction\":[{\"@type\":\"SearchAction\",\"target\":{\"@type\":\"EntryPoint\",\"urlTemplate\":\"https:\/\/biofood.md\/?s={search_term_string}\"},\"query-input\":\"required name=search_term_string\"}],\"inLanguage\":\"ru-RU\"},{\"@type\":\"Organization\",\"@id\":\"https:\/\/biofood.md\/#organization\",\"name\":\"Biofood\",\"url\":\"https:\/\/biofood.md\/\",\"logo\":{\"@type\":\"ImageObject\",\"inLanguage\":\"ru-RU\",\"@id\":\"https:\/\/biofood.md\/#\/schema\/logo\/image\/\",\"url\":\"https:\/\/biofood.md\/wp-content\/uploads\/2022\/10\/logo-1.svg\",\"contentUrl\":\"https:\/\/biofood.md\/wp-content\/uploads\/2022\/10\/logo-1.svg\",\"width\":298,\"height\":89,\"caption\":\"Biofood\"},\"image\":{\"@id\":\"https:\/\/biofood.md\/#\/schema\/logo\/image\/\"}}]}<\/script>\n<meta property=\"product:price:amount\" content=\"60.00\" \/>\n<meta property=\"product:price:currency\" content=\"MDL\" \/>\n<meta property=\"og:availability\" content=\"instock\" \/>\n<meta property=\"product:availability\" content=\"instock\" \/>\n<meta property=\"product:condition\" content=\"new\" \/>\n<!-- \/ Yoast SEO plugin. -->","yoast_head_json":{"title":"Ceai din plante Z\u0103briceni 100g - Biofood","robots":{"index":"index","follow":"follow","max-snippet":"max-snippet:-1","max-image-preview":"max-image-preview:large","max-video-preview":"max-video-preview:-1"},"canonical":"https:\/\/biofood.md\/ru\/produs\/ceai-din-plante-zabriceni\/","og_locale":"ru_RU","og_type":"article","og_title":"Ceai din plante Z\u0103briceni 100g - Biofood","og_description":"O combina\u021bie des\u0103v\u00e2r\u0219it\u0103 din cele mai diverse plante \u0219i flori: frunze de coac\u0103z, frunze de melis\u0103, frunze de ment\u0103, flori","og_url":"https:\/\/biofood.md\/ru\/produs\/ceai-din-plante-zabriceni\/","og_site_name":"Biofood","article_modified_time":"2024-10-30T07:47:07+00:00","og_image":[{"width":660,"height":660,"url":"https:\/\/biofood.md\/wp-content\/uploads\/2024\/10\/zabriceni-inf.jpg","type":"image\/jpeg"}],"twitter_card":"summary_large_image","twitter_misc":{"\u0426\u0435\u043d\u0430":"60.00&nbsp;MDL","Availability":"In stock"},"schema":{"@context":"https:\/\/schema.org","@graph":[{"@type":"WebPage","@id":"https:\/\/biofood.md\/ru\/produs\/ceai-din-plante-zabriceni\/","url":"https:\/\/biofood.md\/ru\/produs\/ceai-din-plante-zabriceni\/","name":"Ceai din plante Z\u0103briceni 100g - Biofood","isPartOf":{"@id":"https:\/\/biofood.md\/#website"},"datePublished":"2024-10-30T07:40:10+00:00","dateModified":"2024-10-30T07:47:07+00:00","breadcrumb":{"@id":"https:\/\/biofood.md\/ru\/produs\/ceai-din-plante-zabriceni\/#breadcrumb"},"inLanguage":"ru-RU","potentialAction":[{"@type":"ReadAction","target":["https:\/\/biofood.md\/ru\/produs\/ceai-din-plante-zabriceni\/"]}]},{"@type":"BreadcrumbList","@id":"https:\/\/biofood.md\/ru\/produs\/ceai-din-plante-zabriceni\/#breadcrumb","itemListElement":[{"@type":"ListItem","position":1,"name":"\u0413\u043b\u0430\u0432\u043d\u0430\u044f","item":"https:\/\/biofood.md\/ru\/"},{"@type":"ListItem","position":2,"name":"\u041a\u0430\u0442\u0430\u043b\u043e\u0433","item":"https:\/\/biofood.md\/ru\/katalog\/"},{"@type":"ListItem","position":3,"name":"\u041e\u0440\u0433\u0430\u043d\u0438\u0447\u0435\u0441\u043a\u0438\u0439 \u0447\u0430\u0439","item":"https:\/\/biofood.md\/categorie-produs\/ceai-ecologic\/"},{"@type":"ListItem","position":4,"name":"Ceai din plante Z\u0103briceni 100g"}]},{"@type":"WebSite","@id":"https:\/\/biofood.md\/#website","url":"https:\/\/biofood.md\/","name":"Biofood","description":"Just another WordPress site","publisher":{"@id":"https:\/\/biofood.md\/#organization"},"potentialAction":[{"@type":"SearchAction","target":{"@type":"EntryPoint","urlTemplate":"https:\/\/biofood.md\/?s={search_term_string}"},"query-input":"required name=search_term_string"}],"inLanguage":"ru-RU"},{"@type":"Organization","@id":"https:\/\/biofood.md\/#organization","name":"Biofood","url":"https:\/\/biofood.md\/","logo":{"@type":"ImageObject","inLanguage":"ru-RU","@id":"https:\/\/biofood.md\/#\/schema\/logo\/image\/","url":"https:\/\/biofood.md\/wp-content\/uploads\/2022\/10\/logo-1.svg","contentUrl":"https:\/\/biofood.md\/wp-content\/uploads\/2022\/10\/logo-1.svg","width":298,"height":89,"caption":"Biofood"},"image":{"@id":"https:\/\/biofood.md\/#\/schema\/logo\/image\/"}}]},"product_price_amount":"60.00","product_price_currency":"MDL","og_availability":"instock","product_availability":"instock","product_condition":"new"},"_links":{"self":[{"href":"https:\/\/biofood.md\/ru\/wp-json\/wp\/v2\/product\/6336","targetHints":{"allow":["GET"]}}],"collection":[{"href":"https:\/\/biofood.md\/ru\/wp-json\/wp\/v2\/product"}],"about":[{"href":"https:\/\/biofood.md\/ru\/wp-json\/wp\/v2\/types\/product"}],"replies":[{"embeddable":true,"href":"https:\/\/biofood.md\/ru\/wp-json\/wp\/v2\/comments?post=6336"}],"version-history":[{"count":2,"href":"https:\/\/biofood.md\/ru\/wp-json\/wp\/v2\/product\/6336\/revisions"}],"predecessor-version":[{"id":6354,"href":"https:\/\/biofood.md\/ru\/wp-json\/wp\/v2\/product\/6336\/revisions\/6354"}],"wp:featuredmedia":[{"embeddable":true,"href":"https:\/\/biofood.md\/ru\/wp-json\/wp\/v2\/media\/6337"}],"wp:attachment":[{"href":"https:\/\/biofood.md\/ru\/wp-json\/wp\/v2\/media?parent=6336"}],"wp:term":[{"taxonomy":"product_cat","embeddable":true,"href":"https:\/\/biofood.md\/ru\/wp-json\/wp\/v2\/product_cat?post=6336"},{"taxonomy":"product_tag","embeddable":true,"href":"https:\/\/biofood.md\/ru\/wp-json\/wp\/v2\/product_tag?post=6336"}],"curies":[{"name":"wp","href":"https:\/\/api.w.org\/{rel}","templated":true}]}}