{"id":5455,"date":"2022-11-25T10:17:55","date_gmt":"2022-11-25T08:17:55","guid":{"rendered":"https:\/\/biofood.md\/mentenanta\/"},"modified":"2022-11-25T10:20:42","modified_gmt":"2022-11-25T08:20:42","slug":"mentenanta","status":"publish","type":"page","link":"https:\/\/biofood.md\/ru\/mentenanta\/","title":{"rendered":"Mentenan\u021b\u0103"},"content":{"rendered":"\t\t<div data-elementor-type=\"wp-page\" data-elementor-id=\"5455\" class=\"elementor elementor-5455 elementor-5452\">\n\t\t\t\t\t\t\t\t\t<section class=\"elementor-section elementor-top-section elementor-element elementor-element-2b0c57c2 elementor-section-full_width elementor-section-height-full elementor-section-height-default elementor-section-items-middle wd-section-disabled\" data-id=\"2b0c57c2\" data-element_type=\"section\">\n\t\t\t\t\t\t<div class=\"elementor-container elementor-column-gap-default\">\n\t\t\t\t\t<div class=\"elementor-column elementor-col-100 elementor-top-column elementor-element elementor-element-24024ecd\" data-id=\"24024ecd\" data-element_type=\"column\">\n\t\t\t<div class=\"elementor-widget-wrap elementor-element-populated\">\n\t\t\t\t\t\t\t\t<div class=\"elementor-element elementor-element-60f1cfb elementor-view-default elementor-widget elementor-widget-icon\" data-id=\"60f1cfb\" data-element_type=\"widget\" data-widget_type=\"icon.default\">\n\t\t\t\t<div class=\"elementor-widget-container\">\n\t\t\t\t\t<div class=\"elementor-icon-wrapper\">\n\t\t\t<div class=\"elementor-icon\">\n\t\t\t<i aria-hidden=\"true\" class=\"fas fa-exclamation-triangle\"><\/i>\t\t\t<\/div>\n\t\t<\/div>\n\t\t\t\t<\/div>\n\t\t\t\t<\/div>\n\t\t\t\t<div class=\"elementor-element elementor-element-ace9fbe color-scheme-inherit text-left elementor-widget elementor-widget-text-editor\" data-id=\"ace9fbe\" data-element_type=\"widget\" data-widget_type=\"text-editor.default\">\n\t\t\t\t<div class=\"elementor-widget-container\">\n\t\t\t<style>\/*! elementor - v3.10.0 - 09-01-2023 *\/\n.elementor-widget-text-editor.elementor-drop-cap-view-stacked .elementor-drop-cap{background-color:#818a91;color:#fff}.elementor-widget-text-editor.elementor-drop-cap-view-framed .elementor-drop-cap{color:#818a91;border:3px solid;background-color:transparent}.elementor-widget-text-editor:not(.elementor-drop-cap-view-default) .elementor-drop-cap{margin-top:8px}.elementor-widget-text-editor:not(.elementor-drop-cap-view-default) .elementor-drop-cap-letter{width:1em;height:1em}.elementor-widget-text-editor .elementor-drop-cap{float:left;text-align:center;line-height:1;font-size:50px}.elementor-widget-text-editor .elementor-drop-cap-letter{display:inline-block}<\/style>\t\t\t\t<p><strong><\/strong><\/p>\n<p class=\"has-text-align-center\"><strong>Organic Food Moldova este momentan \u00een mentenan\u0163\u0103. Vom reveni c\u00e2t de cur\u00e2nd. V\u0103 mul\u0163umim pentru \u00een\u0163elegere.<\/strong><\/p>\n<p><strong><\/strong><\/p>\t\t\t\t\t\t<\/div>\n\t\t\t\t<\/div>\n\t\t\t\t\t<\/div>\n\t\t<\/div>\n\t\t\t\t\t\t\t<\/div>\n\t\t<\/section>\n\t\t\t\t\t\t\t<\/div>\n\t\t","protected":false},"excerpt":{"rendered":"<p>Organic Food Moldova este momentan \u00een mentenan\u0163\u0103. Vom reveni c\u00e2t de cur\u00e2nd. V\u0103 mul\u0163umim pentru \u00een\u0163elegere.<\/p>\n","protected":false},"author":1,"featured_media":0,"parent":0,"menu_order":0,"comment_status":"closed","ping_status":"closed","template":"maintenance.php","meta":{"footnotes":""},"class_list":["post-5455","page","type-page","status-publish","hentry"],"yoast_head":"<!-- This site is optimized with the Yoast SEO plugin v19.14 - https:\/\/yoast.com\/wordpress\/plugins\/seo\/ -->\n<title>Mentenan\u021b\u0103 - Biofood<\/title>\n<meta name=\"robots\" content=\"index, follow, max-snippet:-1, max-image-preview:large, max-video-preview:-1\" \/>\n<link rel=\"canonical\" href=\"https:\/\/biofood.md\/ru\/mentenanta\/\" \/>\n<meta property=\"og:locale\" content=\"ru_RU\" \/>\n<meta property=\"og:type\" content=\"article\" \/>\n<meta property=\"og:title\" content=\"Mentenan\u021b\u0103 - Biofood\" \/>\n<meta property=\"og:description\" content=\"Organic Food Moldova este momentan \u00een mentenan\u0163\u0103. Vom reveni c\u00e2t de cur\u00e2nd. V\u0103 mul\u0163umim pentru \u00een\u0163elegere.\" \/>\n<meta property=\"og:url\" content=\"https:\/\/biofood.md\/ru\/mentenanta\/\" \/>\n<meta property=\"og:site_name\" content=\"Biofood\" \/>\n<meta property=\"article:modified_time\" content=\"2022-11-25T08:20:42+00:00\" \/>\n<meta name=\"twitter:card\" content=\"summary_large_image\" \/>\n<meta name=\"twitter:label1\" content=\"\u041f\u0440\u0438\u043c\u0435\u0440\u043d\u043e\u0435 \u0432\u0440\u0435\u043c\u044f \u0434\u043b\u044f \u0447\u0442\u0435\u043d\u0438\u044f\" \/>\n\t<meta name=\"twitter:data1\" content=\"1 \u043c\u0438\u043d\u0443\u0442\u0430\" \/>\n<script type=\"application\/ld+json\" class=\"yoast-schema-graph\">{\"@context\":\"https:\/\/schema.org\",\"@graph\":[{\"@type\":\"WebPage\",\"@id\":\"https:\/\/biofood.md\/ru\/mentenanta\/\",\"url\":\"https:\/\/biofood.md\/ru\/mentenanta\/\",\"name\":\"Mentenan\u021b\u0103 - Biofood\",\"isPartOf\":{\"@id\":\"https:\/\/biofood.md\/#website\"},\"datePublished\":\"2022-11-25T08:17:55+00:00\",\"dateModified\":\"2022-11-25T08:20:42+00:00\",\"breadcrumb\":{\"@id\":\"https:\/\/biofood.md\/ru\/mentenanta\/#breadcrumb\"},\"inLanguage\":\"ru-RU\",\"potentialAction\":[{\"@type\":\"ReadAction\",\"target\":[\"https:\/\/biofood.md\/ru\/mentenanta\/\"]}]},{\"@type\":\"BreadcrumbList\",\"@id\":\"https:\/\/biofood.md\/ru\/mentenanta\/#breadcrumb\",\"itemListElement\":[{\"@type\":\"ListItem\",\"position\":1,\"name\":\"\u0413\u043b\u0430\u0432\u043d\u0430\u044f\",\"item\":\"https:\/\/biofood.md\/ru\/\"},{\"@type\":\"ListItem\",\"position\":2,\"name\":\"Mentenan\u021b\u0103\"}]},{\"@type\":\"WebSite\",\"@id\":\"https:\/\/biofood.md\/#website\",\"url\":\"https:\/\/biofood.md\/\",\"name\":\"Biofood\",\"description\":\"Just another WordPress site\",\"publisher\":{\"@id\":\"https:\/\/biofood.md\/#organization\"},\"potentialAction\":[{\"@type\":\"SearchAction\",\"target\":{\"@type\":\"EntryPoint\",\"urlTemplate\":\"https:\/\/biofood.md\/?s={search_term_string}\"},\"query-input\":\"required name=search_term_string\"}],\"inLanguage\":\"ru-RU\"},{\"@type\":\"Organization\",\"@id\":\"https:\/\/biofood.md\/#organization\",\"name\":\"Biofood\",\"url\":\"https:\/\/biofood.md\/\",\"logo\":{\"@type\":\"ImageObject\",\"inLanguage\":\"ru-RU\",\"@id\":\"https:\/\/biofood.md\/#\/schema\/logo\/image\/\",\"url\":\"https:\/\/biofood.md\/wp-content\/uploads\/2022\/10\/logo-1.svg\",\"contentUrl\":\"https:\/\/biofood.md\/wp-content\/uploads\/2022\/10\/logo-1.svg\",\"width\":298,\"height\":89,\"caption\":\"Biofood\"},\"image\":{\"@id\":\"https:\/\/biofood.md\/#\/schema\/logo\/image\/\"}}]}<\/script>\n<!-- \/ Yoast SEO plugin. -->","yoast_head_json":{"title":"Mentenan\u021b\u0103 - Biofood","robots":{"index":"index","follow":"follow","max-snippet":"max-snippet:-1","max-image-preview":"max-image-preview:large","max-video-preview":"max-video-preview:-1"},"canonical":"https:\/\/biofood.md\/ru\/mentenanta\/","og_locale":"ru_RU","og_type":"article","og_title":"Mentenan\u021b\u0103 - Biofood","og_description":"Organic Food Moldova este momentan \u00een mentenan\u0163\u0103. Vom reveni c\u00e2t de cur\u00e2nd. V\u0103 mul\u0163umim pentru \u00een\u0163elegere.","og_url":"https:\/\/biofood.md\/ru\/mentenanta\/","og_site_name":"Biofood","article_modified_time":"2022-11-25T08:20:42+00:00","twitter_card":"summary_large_image","twitter_misc":{"\u041f\u0440\u0438\u043c\u0435\u0440\u043d\u043e\u0435 \u0432\u0440\u0435\u043c\u044f \u0434\u043b\u044f \u0447\u0442\u0435\u043d\u0438\u044f":"1 \u043c\u0438\u043d\u0443\u0442\u0430"},"schema":{"@context":"https:\/\/schema.org","@graph":[{"@type":"WebPage","@id":"https:\/\/biofood.md\/ru\/mentenanta\/","url":"https:\/\/biofood.md\/ru\/mentenanta\/","name":"Mentenan\u021b\u0103 - Biofood","isPartOf":{"@id":"https:\/\/biofood.md\/#website"},"datePublished":"2022-11-25T08:17:55+00:00","dateModified":"2022-11-25T08:20:42+00:00","breadcrumb":{"@id":"https:\/\/biofood.md\/ru\/mentenanta\/#breadcrumb"},"inLanguage":"ru-RU","potentialAction":[{"@type":"ReadAction","target":["https:\/\/biofood.md\/ru\/mentenanta\/"]}]},{"@type":"BreadcrumbList","@id":"https:\/\/biofood.md\/ru\/mentenanta\/#breadcrumb","itemListElement":[{"@type":"ListItem","position":1,"name":"\u0413\u043b\u0430\u0432\u043d\u0430\u044f","item":"https:\/\/biofood.md\/ru\/"},{"@type":"ListItem","position":2,"name":"Mentenan\u021b\u0103"}]},{"@type":"WebSite","@id":"https:\/\/biofood.md\/#website","url":"https:\/\/biofood.md\/","name":"Biofood","description":"Just another WordPress site","publisher":{"@id":"https:\/\/biofood.md\/#organization"},"potentialAction":[{"@type":"SearchAction","target":{"@type":"EntryPoint","urlTemplate":"https:\/\/biofood.md\/?s={search_term_string}"},"query-input":"required name=search_term_string"}],"inLanguage":"ru-RU"},{"@type":"Organization","@id":"https:\/\/biofood.md\/#organization","name":"Biofood","url":"https:\/\/biofood.md\/","logo":{"@type":"ImageObject","inLanguage":"ru-RU","@id":"https:\/\/biofood.md\/#\/schema\/logo\/image\/","url":"https:\/\/biofood.md\/wp-content\/uploads\/2022\/10\/logo-1.svg","contentUrl":"https:\/\/biofood.md\/wp-content\/uploads\/2022\/10\/logo-1.svg","width":298,"height":89,"caption":"Biofood"},"image":{"@id":"https:\/\/biofood.md\/#\/schema\/logo\/image\/"}}]}},"_links":{"self":[{"href":"https:\/\/biofood.md\/ru\/wp-json\/wp\/v2\/pages\/5455","targetHints":{"allow":["GET"]}}],"collection":[{"href":"https:\/\/biofood.md\/ru\/wp-json\/wp\/v2\/pages"}],"about":[{"href":"https:\/\/biofood.md\/ru\/wp-json\/wp\/v2\/types\/page"}],"author":[{"embeddable":true,"href":"https:\/\/biofood.md\/ru\/wp-json\/wp\/v2\/users\/1"}],"replies":[{"embeddable":true,"href":"https:\/\/biofood.md\/ru\/wp-json\/wp\/v2\/comments?post=5455"}],"version-history":[{"count":3,"href":"https:\/\/biofood.md\/ru\/wp-json\/wp\/v2\/pages\/5455\/revisions"}],"predecessor-version":[{"id":5465,"href":"https:\/\/biofood.md\/ru\/wp-json\/wp\/v2\/pages\/5455\/revisions\/5465"}],"wp:attachment":[{"href":"https:\/\/biofood.md\/ru\/wp-json\/wp\/v2\/media?parent=5455"}],"curies":[{"name":"wp","href":"https:\/\/api.w.org\/{rel}","templated":true}]}}