{"id":6487,"date":"2024-12-06T11:24:17","date_gmt":"2024-12-06T09:24:17","guid":{"rendered":"https:\/\/biofood.md\/?post_type=product&#038;p=6487"},"modified":"2024-12-06T11:24:18","modified_gmt":"2024-12-06T09:24:18","slug":"ladita-cadou-nr-2","status":"publish","type":"product","link":"https:\/\/biofood.md\/en\/produs\/ladita-cadou-nr-2\/","title":{"rendered":"L\u0103di\u021b\u0103 cadou nr. 2"},"content":{"rendered":"<p>L\u0103di\u021ba este compus\u0103 din:<\/p>\n<p>1. Miere de afin \u0219i aronia 1kg<br \/>\n2. Miez de nuc\u0103 jum\u0103t\u0103\u021bi<br \/>\n3. Vin Tronciu Sauvignon Blanc<br \/>\n4. Lum\u00e2nare din fagure 130mm<\/p>\n","protected":false},"excerpt":{"rendered":"<p>L\u0103di\u021ba este compus\u0103 din: 1. Miere de afin \u0219i aronia 1kg 2. Miez de nuc\u0103 jum\u0103t\u0103\u021bi 3. Vin Tronciu Sauvignon<\/p>\n","protected":false},"featured_media":6488,"comment_status":"closed","ping_status":"closed","template":"","meta":[],"product_cat":[559],"product_tag":[],"class_list":["post-6487","product","type-product","status-publish","has-post-thumbnail","hentry","product_cat-ladite-cadouri"],"yoast_head":"<!-- This site is optimized with the Yoast SEO plugin v19.14 - https:\/\/yoast.com\/wordpress\/plugins\/seo\/ -->\n<title>L\u0103di\u021b\u0103 cadou nr. 2 - Biofood<\/title>\n<meta name=\"robots\" content=\"index, follow, max-snippet:-1, max-image-preview:large, max-video-preview:-1\" \/>\n<link rel=\"canonical\" href=\"https:\/\/biofood.md\/en\/produs\/ladita-cadou-nr-2\/\" \/>\n<meta property=\"og:locale\" content=\"en_US\" \/>\n<meta property=\"og:type\" content=\"article\" \/>\n<meta property=\"og:title\" content=\"L\u0103di\u021b\u0103 cadou nr. 2 - Biofood\" \/>\n<meta property=\"og:description\" content=\"L\u0103di\u021ba este compus\u0103 din: 1. Miere de afin \u0219i aronia 1kg 2. Miez de nuc\u0103 jum\u0103t\u0103\u021bi 3. Vin Tronciu Sauvignon\" \/>\n<meta property=\"og:url\" content=\"https:\/\/biofood.md\/en\/produs\/ladita-cadou-nr-2\/\" \/>\n<meta property=\"og:site_name\" content=\"Biofood\" \/>\n<meta property=\"article:modified_time\" content=\"2024-12-06T09:24:18+00:00\" \/>\n<meta property=\"og:image\" content=\"https:\/\/biofood.md\/wp-content\/uploads\/2024\/12\/img_1555-scaled-e1733477046873.jpg\" \/>\n\t<meta property=\"og:image:width\" content=\"1696\" \/>\n\t<meta property=\"og:image:height\" content=\"2543\" \/>\n\t<meta property=\"og:image:type\" content=\"image\/jpeg\" \/>\n<meta name=\"twitter:card\" content=\"summary_large_image\" \/>\n<meta name=\"twitter:label1\" content=\"Price\" \/>\n\t<meta name=\"twitter:data1\" content=\"530.00&nbsp;MDL\" \/>\n\t<meta name=\"twitter:label2\" content=\"Availability\" \/>\n\t<meta name=\"twitter:data2\" content=\"In stock\" \/>\n<script type=\"application\/ld+json\" class=\"yoast-schema-graph\">{\"@context\":\"https:\/\/schema.org\",\"@graph\":[{\"@type\":\"WebPage\",\"@id\":\"https:\/\/biofood.md\/en\/produs\/ladita-cadou-nr-2\/\",\"url\":\"https:\/\/biofood.md\/en\/produs\/ladita-cadou-nr-2\/\",\"name\":\"L\u0103di\u021b\u0103 cadou nr. 2 - Biofood\",\"isPartOf\":{\"@id\":\"https:\/\/biofood.md\/#website\"},\"datePublished\":\"2024-12-06T09:24:17+00:00\",\"dateModified\":\"2024-12-06T09:24:18+00:00\",\"breadcrumb\":{\"@id\":\"https:\/\/biofood.md\/en\/produs\/ladita-cadou-nr-2\/#breadcrumb\"},\"inLanguage\":\"en-US\",\"potentialAction\":[{\"@type\":\"ReadAction\",\"target\":[\"https:\/\/biofood.md\/en\/produs\/ladita-cadou-nr-2\/\"]}]},{\"@type\":\"BreadcrumbList\",\"@id\":\"https:\/\/biofood.md\/en\/produs\/ladita-cadou-nr-2\/#breadcrumb\",\"itemListElement\":[{\"@type\":\"ListItem\",\"position\":1,\"name\":\"Homepage\",\"item\":\"https:\/\/biofood.md\/en\/\"},{\"@type\":\"ListItem\",\"position\":2,\"name\":\"Shop\",\"item\":\"https:\/\/biofood.md\/en\/shop\/\"},{\"@type\":\"ListItem\",\"position\":3,\"name\":\"L\u0103di\u021be cadouri\",\"item\":\"https:\/\/biofood.md\/categorie-produs\/ladite-cadouri\/\"},{\"@type\":\"ListItem\",\"position\":4,\"name\":\"L\u0103di\u021b\u0103 cadou nr. 2\"}]},{\"@type\":\"WebSite\",\"@id\":\"https:\/\/biofood.md\/#website\",\"url\":\"https:\/\/biofood.md\/\",\"name\":\"Biofood\",\"description\":\"Just another WordPress site\",\"publisher\":{\"@id\":\"https:\/\/biofood.md\/#organization\"},\"potentialAction\":[{\"@type\":\"SearchAction\",\"target\":{\"@type\":\"EntryPoint\",\"urlTemplate\":\"https:\/\/biofood.md\/?s={search_term_string}\"},\"query-input\":\"required name=search_term_string\"}],\"inLanguage\":\"en-US\"},{\"@type\":\"Organization\",\"@id\":\"https:\/\/biofood.md\/#organization\",\"name\":\"Biofood\",\"url\":\"https:\/\/biofood.md\/\",\"logo\":{\"@type\":\"ImageObject\",\"inLanguage\":\"en-US\",\"@id\":\"https:\/\/biofood.md\/#\/schema\/logo\/image\/\",\"url\":\"https:\/\/biofood.md\/wp-content\/uploads\/2022\/10\/logo-1.svg\",\"contentUrl\":\"https:\/\/biofood.md\/wp-content\/uploads\/2022\/10\/logo-1.svg\",\"width\":298,\"height\":89,\"caption\":\"Biofood\"},\"image\":{\"@id\":\"https:\/\/biofood.md\/#\/schema\/logo\/image\/\"}}]}<\/script>\n<meta property=\"product:price:amount\" content=\"530.00\" \/>\n<meta property=\"product:price:currency\" content=\"MDL\" \/>\n<meta property=\"og:availability\" content=\"instock\" \/>\n<meta property=\"product:availability\" content=\"instock\" \/>\n<meta property=\"product:condition\" content=\"new\" \/>\n<!-- \/ Yoast SEO plugin. -->","yoast_head_json":{"title":"L\u0103di\u021b\u0103 cadou nr. 2 - Biofood","robots":{"index":"index","follow":"follow","max-snippet":"max-snippet:-1","max-image-preview":"max-image-preview:large","max-video-preview":"max-video-preview:-1"},"canonical":"https:\/\/biofood.md\/en\/produs\/ladita-cadou-nr-2\/","og_locale":"en_US","og_type":"article","og_title":"L\u0103di\u021b\u0103 cadou nr. 2 - Biofood","og_description":"L\u0103di\u021ba este compus\u0103 din: 1. Miere de afin \u0219i aronia 1kg 2. Miez de nuc\u0103 jum\u0103t\u0103\u021bi 3. Vin Tronciu Sauvignon","og_url":"https:\/\/biofood.md\/en\/produs\/ladita-cadou-nr-2\/","og_site_name":"Biofood","article_modified_time":"2024-12-06T09:24:18+00:00","og_image":[{"width":1696,"height":2543,"url":"https:\/\/biofood.md\/wp-content\/uploads\/2024\/12\/img_1555-scaled-e1733477046873.jpg","type":"image\/jpeg"}],"twitter_card":"summary_large_image","twitter_misc":{"Price":"530.00&nbsp;MDL","Availability":"In stock"},"schema":{"@context":"https:\/\/schema.org","@graph":[{"@type":"WebPage","@id":"https:\/\/biofood.md\/en\/produs\/ladita-cadou-nr-2\/","url":"https:\/\/biofood.md\/en\/produs\/ladita-cadou-nr-2\/","name":"L\u0103di\u021b\u0103 cadou nr. 2 - Biofood","isPartOf":{"@id":"https:\/\/biofood.md\/#website"},"datePublished":"2024-12-06T09:24:17+00:00","dateModified":"2024-12-06T09:24:18+00:00","breadcrumb":{"@id":"https:\/\/biofood.md\/en\/produs\/ladita-cadou-nr-2\/#breadcrumb"},"inLanguage":"en-US","potentialAction":[{"@type":"ReadAction","target":["https:\/\/biofood.md\/en\/produs\/ladita-cadou-nr-2\/"]}]},{"@type":"BreadcrumbList","@id":"https:\/\/biofood.md\/en\/produs\/ladita-cadou-nr-2\/#breadcrumb","itemListElement":[{"@type":"ListItem","position":1,"name":"Homepage","item":"https:\/\/biofood.md\/en\/"},{"@type":"ListItem","position":2,"name":"Shop","item":"https:\/\/biofood.md\/en\/shop\/"},{"@type":"ListItem","position":3,"name":"L\u0103di\u021be cadouri","item":"https:\/\/biofood.md\/categorie-produs\/ladite-cadouri\/"},{"@type":"ListItem","position":4,"name":"L\u0103di\u021b\u0103 cadou nr. 2"}]},{"@type":"WebSite","@id":"https:\/\/biofood.md\/#website","url":"https:\/\/biofood.md\/","name":"Biofood","description":"Just another WordPress site","publisher":{"@id":"https:\/\/biofood.md\/#organization"},"potentialAction":[{"@type":"SearchAction","target":{"@type":"EntryPoint","urlTemplate":"https:\/\/biofood.md\/?s={search_term_string}"},"query-input":"required name=search_term_string"}],"inLanguage":"en-US"},{"@type":"Organization","@id":"https:\/\/biofood.md\/#organization","name":"Biofood","url":"https:\/\/biofood.md\/","logo":{"@type":"ImageObject","inLanguage":"en-US","@id":"https:\/\/biofood.md\/#\/schema\/logo\/image\/","url":"https:\/\/biofood.md\/wp-content\/uploads\/2022\/10\/logo-1.svg","contentUrl":"https:\/\/biofood.md\/wp-content\/uploads\/2022\/10\/logo-1.svg","width":298,"height":89,"caption":"Biofood"},"image":{"@id":"https:\/\/biofood.md\/#\/schema\/logo\/image\/"}}]},"product_price_amount":"530.00","product_price_currency":"MDL","og_availability":"instock","product_availability":"instock","product_condition":"new"},"_links":{"self":[{"href":"https:\/\/biofood.md\/en\/wp-json\/wp\/v2\/product\/6487","targetHints":{"allow":["GET"]}}],"collection":[{"href":"https:\/\/biofood.md\/en\/wp-json\/wp\/v2\/product"}],"about":[{"href":"https:\/\/biofood.md\/en\/wp-json\/wp\/v2\/types\/product"}],"replies":[{"embeddable":true,"href":"https:\/\/biofood.md\/en\/wp-json\/wp\/v2\/comments?post=6487"}],"version-history":[{"count":1,"href":"https:\/\/biofood.md\/en\/wp-json\/wp\/v2\/product\/6487\/revisions"}],"predecessor-version":[{"id":6491,"href":"https:\/\/biofood.md\/en\/wp-json\/wp\/v2\/product\/6487\/revisions\/6491"}],"wp:featuredmedia":[{"embeddable":true,"href":"https:\/\/biofood.md\/en\/wp-json\/wp\/v2\/media\/6488"}],"wp:attachment":[{"href":"https:\/\/biofood.md\/en\/wp-json\/wp\/v2\/media?parent=6487"}],"wp:term":[{"taxonomy":"product_cat","embeddable":true,"href":"https:\/\/biofood.md\/en\/wp-json\/wp\/v2\/product_cat?post=6487"},{"taxonomy":"product_tag","embeddable":true,"href":"https:\/\/biofood.md\/en\/wp-json\/wp\/v2\/product_tag?post=6487"}],"curies":[{"name":"wp","href":"https:\/\/api.w.org\/{rel}","templated":true}]}}