{"id":6374,"date":"2024-10-30T09:56:03","date_gmt":"2024-10-30T07:56:03","guid":{"rendered":"https:\/\/biofood.md\/?post_type=product&#038;p=6374"},"modified":"2024-10-30T09:56:03","modified_gmt":"2024-10-30T07:56:03","slug":"ceai-bioceai","status":"publish","type":"product","link":"https:\/\/biofood.md\/en\/produs\/ceai-bioceai\/","title":{"rendered":"Ceai Bioceai"},"content":{"rendered":"<p>Un mix original de plante \u00eentr-un format comod: flori de tei, melis\u0103, flori de soc, Ivan-ceai, urzic\u0103, cimbri\u0219or \u0219i flori de salc\u00e2m. \u00cel po\u021bi lua cu tine la serviciu sau \u00een cal\u0103torie \u2014 se recomand\u0103 pentru consum zilnic!<br \/>\nA se p\u0103stra la un loc uscat,<span class=\"morecontent\">\u00a0ferit de lumin\u0103, la temperatura sub 25 \u00b0C.\u00a0<\/span><\/p>\n","protected":false},"excerpt":{"rendered":"<p>Un mix original de plante \u00eentr-un format comod: flori de tei, melis\u0103, flori de soc, Ivan-ceai, urzic\u0103, cimbri\u0219or \u0219i flori<\/p>\n","protected":false},"featured_media":6375,"comment_status":"closed","ping_status":"closed","template":"","meta":[],"product_cat":[395,538],"product_tag":[],"class_list":["post-6374","product","type-product","status-publish","has-post-thumbnail","hentry","product_cat-ceai-ecologic","product_cat-eco","pa_size-392"],"yoast_head":"<!-- This site is optimized with the Yoast SEO plugin v19.14 - https:\/\/yoast.com\/wordpress\/plugins\/seo\/ -->\n<title>Ceai Bioceai - Biofood<\/title>\n<meta name=\"robots\" content=\"index, follow, max-snippet:-1, max-image-preview:large, max-video-preview:-1\" \/>\n<link rel=\"canonical\" href=\"https:\/\/biofood.md\/en\/produs\/ceai-bioceai\/\" \/>\n<meta property=\"og:locale\" content=\"en_US\" \/>\n<meta property=\"og:type\" content=\"article\" \/>\n<meta property=\"og:title\" content=\"Ceai Bioceai - Biofood\" \/>\n<meta property=\"og:description\" content=\"Un mix original de plante \u00eentr-un format comod: flori de tei, melis\u0103, flori de soc, Ivan-ceai, urzic\u0103, cimbri\u0219or \u0219i flori\" \/>\n<meta property=\"og:url\" content=\"https:\/\/biofood.md\/en\/produs\/ceai-bioceai\/\" \/>\n<meta property=\"og:site_name\" content=\"Biofood\" \/>\n<meta property=\"og:image\" content=\"https:\/\/biofood.md\/wp-content\/uploads\/2024\/10\/bioceai-pl.jpg\" \/>\n\t<meta property=\"og:image:width\" content=\"620\" \/>\n\t<meta property=\"og:image:height\" content=\"517\" \/>\n\t<meta property=\"og:image:type\" content=\"image\/jpeg\" \/>\n<meta name=\"twitter:card\" content=\"summary_large_image\" \/>\n<meta name=\"twitter:label1\" content=\"Price\" \/>\n\t<meta name=\"twitter:data1\" content=\"45.00&nbsp;MDL\" \/>\n\t<meta name=\"twitter:label2\" content=\"Availability\" \/>\n\t<meta name=\"twitter:data2\" content=\"In stock\" \/>\n<script type=\"application\/ld+json\" class=\"yoast-schema-graph\">{\"@context\":\"https:\/\/schema.org\",\"@graph\":[{\"@type\":\"WebPage\",\"@id\":\"https:\/\/biofood.md\/en\/produs\/ceai-bioceai\/\",\"url\":\"https:\/\/biofood.md\/en\/produs\/ceai-bioceai\/\",\"name\":\"Ceai Bioceai - Biofood\",\"isPartOf\":{\"@id\":\"https:\/\/biofood.md\/#website\"},\"datePublished\":\"2024-10-30T07:56:03+00:00\",\"dateModified\":\"2024-10-30T07:56:03+00:00\",\"breadcrumb\":{\"@id\":\"https:\/\/biofood.md\/en\/produs\/ceai-bioceai\/#breadcrumb\"},\"inLanguage\":\"en-US\",\"potentialAction\":[{\"@type\":\"ReadAction\",\"target\":[\"https:\/\/biofood.md\/en\/produs\/ceai-bioceai\/\"]}]},{\"@type\":\"BreadcrumbList\",\"@id\":\"https:\/\/biofood.md\/en\/produs\/ceai-bioceai\/#breadcrumb\",\"itemListElement\":[{\"@type\":\"ListItem\",\"position\":1,\"name\":\"Homepage\",\"item\":\"https:\/\/biofood.md\/en\/\"},{\"@type\":\"ListItem\",\"position\":2,\"name\":\"Shop\",\"item\":\"https:\/\/biofood.md\/en\/shop\/\"},{\"@type\":\"ListItem\",\"position\":3,\"name\":\"ECO\",\"item\":\"https:\/\/biofood.md\/categorie-produs\/eco\/\"},{\"@type\":\"ListItem\",\"position\":4,\"name\":\"Ceai Bioceai\"}]},{\"@type\":\"WebSite\",\"@id\":\"https:\/\/biofood.md\/#website\",\"url\":\"https:\/\/biofood.md\/\",\"name\":\"Biofood\",\"description\":\"Just another WordPress site\",\"publisher\":{\"@id\":\"https:\/\/biofood.md\/#organization\"},\"potentialAction\":[{\"@type\":\"SearchAction\",\"target\":{\"@type\":\"EntryPoint\",\"urlTemplate\":\"https:\/\/biofood.md\/?s={search_term_string}\"},\"query-input\":\"required name=search_term_string\"}],\"inLanguage\":\"en-US\"},{\"@type\":\"Organization\",\"@id\":\"https:\/\/biofood.md\/#organization\",\"name\":\"Biofood\",\"url\":\"https:\/\/biofood.md\/\",\"logo\":{\"@type\":\"ImageObject\",\"inLanguage\":\"en-US\",\"@id\":\"https:\/\/biofood.md\/#\/schema\/logo\/image\/\",\"url\":\"https:\/\/biofood.md\/wp-content\/uploads\/2022\/10\/logo-1.svg\",\"contentUrl\":\"https:\/\/biofood.md\/wp-content\/uploads\/2022\/10\/logo-1.svg\",\"width\":298,\"height\":89,\"caption\":\"Biofood\"},\"image\":{\"@id\":\"https:\/\/biofood.md\/#\/schema\/logo\/image\/\"}}]}<\/script>\n<meta property=\"product:price:amount\" content=\"45.00\" \/>\n<meta property=\"product:price:currency\" content=\"MDL\" \/>\n<meta property=\"og:availability\" content=\"instock\" \/>\n<meta property=\"product:availability\" content=\"instock\" \/>\n<meta property=\"product:condition\" content=\"new\" \/>\n<!-- \/ Yoast SEO plugin. -->","yoast_head_json":{"title":"Ceai Bioceai - Biofood","robots":{"index":"index","follow":"follow","max-snippet":"max-snippet:-1","max-image-preview":"max-image-preview:large","max-video-preview":"max-video-preview:-1"},"canonical":"https:\/\/biofood.md\/en\/produs\/ceai-bioceai\/","og_locale":"en_US","og_type":"article","og_title":"Ceai Bioceai - Biofood","og_description":"Un mix original de plante \u00eentr-un format comod: flori de tei, melis\u0103, flori de soc, Ivan-ceai, urzic\u0103, cimbri\u0219or \u0219i flori","og_url":"https:\/\/biofood.md\/en\/produs\/ceai-bioceai\/","og_site_name":"Biofood","og_image":[{"width":620,"height":517,"url":"https:\/\/biofood.md\/wp-content\/uploads\/2024\/10\/bioceai-pl.jpg","type":"image\/jpeg"}],"twitter_card":"summary_large_image","twitter_misc":{"Price":"45.00&nbsp;MDL","Availability":"In stock"},"schema":{"@context":"https:\/\/schema.org","@graph":[{"@type":"WebPage","@id":"https:\/\/biofood.md\/en\/produs\/ceai-bioceai\/","url":"https:\/\/biofood.md\/en\/produs\/ceai-bioceai\/","name":"Ceai Bioceai - Biofood","isPartOf":{"@id":"https:\/\/biofood.md\/#website"},"datePublished":"2024-10-30T07:56:03+00:00","dateModified":"2024-10-30T07:56:03+00:00","breadcrumb":{"@id":"https:\/\/biofood.md\/en\/produs\/ceai-bioceai\/#breadcrumb"},"inLanguage":"en-US","potentialAction":[{"@type":"ReadAction","target":["https:\/\/biofood.md\/en\/produs\/ceai-bioceai\/"]}]},{"@type":"BreadcrumbList","@id":"https:\/\/biofood.md\/en\/produs\/ceai-bioceai\/#breadcrumb","itemListElement":[{"@type":"ListItem","position":1,"name":"Homepage","item":"https:\/\/biofood.md\/en\/"},{"@type":"ListItem","position":2,"name":"Shop","item":"https:\/\/biofood.md\/en\/shop\/"},{"@type":"ListItem","position":3,"name":"ECO","item":"https:\/\/biofood.md\/categorie-produs\/eco\/"},{"@type":"ListItem","position":4,"name":"Ceai Bioceai"}]},{"@type":"WebSite","@id":"https:\/\/biofood.md\/#website","url":"https:\/\/biofood.md\/","name":"Biofood","description":"Just another WordPress site","publisher":{"@id":"https:\/\/biofood.md\/#organization"},"potentialAction":[{"@type":"SearchAction","target":{"@type":"EntryPoint","urlTemplate":"https:\/\/biofood.md\/?s={search_term_string}"},"query-input":"required name=search_term_string"}],"inLanguage":"en-US"},{"@type":"Organization","@id":"https:\/\/biofood.md\/#organization","name":"Biofood","url":"https:\/\/biofood.md\/","logo":{"@type":"ImageObject","inLanguage":"en-US","@id":"https:\/\/biofood.md\/#\/schema\/logo\/image\/","url":"https:\/\/biofood.md\/wp-content\/uploads\/2022\/10\/logo-1.svg","contentUrl":"https:\/\/biofood.md\/wp-content\/uploads\/2022\/10\/logo-1.svg","width":298,"height":89,"caption":"Biofood"},"image":{"@id":"https:\/\/biofood.md\/#\/schema\/logo\/image\/"}}]},"product_price_amount":"45.00","product_price_currency":"MDL","og_availability":"instock","product_availability":"instock","product_condition":"new"},"_links":{"self":[{"href":"https:\/\/biofood.md\/en\/wp-json\/wp\/v2\/product\/6374","targetHints":{"allow":["GET"]}}],"collection":[{"href":"https:\/\/biofood.md\/en\/wp-json\/wp\/v2\/product"}],"about":[{"href":"https:\/\/biofood.md\/en\/wp-json\/wp\/v2\/types\/product"}],"replies":[{"embeddable":true,"href":"https:\/\/biofood.md\/en\/wp-json\/wp\/v2\/comments?post=6374"}],"version-history":[{"count":1,"href":"https:\/\/biofood.md\/en\/wp-json\/wp\/v2\/product\/6374\/revisions"}],"predecessor-version":[{"id":6378,"href":"https:\/\/biofood.md\/en\/wp-json\/wp\/v2\/product\/6374\/revisions\/6378"}],"wp:featuredmedia":[{"embeddable":true,"href":"https:\/\/biofood.md\/en\/wp-json\/wp\/v2\/media\/6375"}],"wp:attachment":[{"href":"https:\/\/biofood.md\/en\/wp-json\/wp\/v2\/media?parent=6374"}],"wp:term":[{"taxonomy":"product_cat","embeddable":true,"href":"https:\/\/biofood.md\/en\/wp-json\/wp\/v2\/product_cat?post=6374"},{"taxonomy":"product_tag","embeddable":true,"href":"https:\/\/biofood.md\/en\/wp-json\/wp\/v2\/product_tag?post=6374"}],"curies":[{"name":"wp","href":"https:\/\/api.w.org\/{rel}","templated":true}]}}