{"id":6364,"date":"2024-10-30T09:50:36","date_gmt":"2024-10-30T07:50:36","guid":{"rendered":"https:\/\/biofood.md\/?post_type=product&#038;p=6364"},"modified":"2024-10-30T09:50:36","modified_gmt":"2024-10-30T07:50:36","slug":"ceai-din-plante-zabriceni-50g","status":"publish","type":"product","link":"https:\/\/biofood.md\/en\/produs\/ceai-din-plante-zabriceni-50g\/","title":{"rendered":"Ceai din plante Z\u0103briceni 50g"},"content":{"rendered":"<p>Imagineaz\u0103-\u021bi, c\u0103 ai \u00een can\u0103 o combina\u021bie fantastic\u0103 din cele mai diverse plante \u0219i flori: frunze de coac\u0103z, frunze de melis\u0103, frunze de ment\u0103, flori de lev\u0103n\u021bic\u0103, flori de mu\u0219e\u021bel \u0219i petale de floarea soarelui. Perfect pentru a te lini\u0219ti \u0219i a uita\u00a0<span class=\"morecontent\">de grijile cotidiene!<br \/>\nA se p\u0103stra la un loc uscat, ferit de lumin\u0103, la temperatura sub 25 \u00b0C.<\/span><\/p>\n","protected":false},"excerpt":{"rendered":"<p>Imagineaz\u0103-\u021bi, c\u0103 ai \u00een can\u0103 o combina\u021bie fantastic\u0103 din cele mai diverse plante \u0219i flori: frunze de coac\u0103z, frunze de<\/p>\n","protected":false},"featured_media":6365,"comment_status":"closed","ping_status":"closed","template":"","meta":[],"product_cat":[395,538],"product_tag":[],"class_list":["post-6364","product","type-product","status-publish","has-post-thumbnail","hentry","product_cat-ceai-ecologic","product_cat-eco","pa_size-392"],"yoast_head":"<!-- This site is optimized with the Yoast SEO plugin v19.14 - https:\/\/yoast.com\/wordpress\/plugins\/seo\/ -->\n<title>Ceai din plante Z\u0103briceni 50g - Biofood<\/title>\n<meta name=\"robots\" content=\"index, follow, max-snippet:-1, max-image-preview:large, max-video-preview:-1\" \/>\n<link rel=\"canonical\" href=\"https:\/\/biofood.md\/en\/produs\/ceai-din-plante-zabriceni-50g\/\" \/>\n<meta property=\"og:locale\" content=\"en_US\" \/>\n<meta property=\"og:type\" content=\"article\" \/>\n<meta property=\"og:title\" content=\"Ceai din plante Z\u0103briceni 50g - Biofood\" \/>\n<meta property=\"og:description\" content=\"Imagineaz\u0103-\u021bi, c\u0103 ai \u00een can\u0103 o combina\u021bie fantastic\u0103 din cele mai diverse plante \u0219i flori: frunze de coac\u0103z, frunze de\" \/>\n<meta property=\"og:url\" content=\"https:\/\/biofood.md\/en\/produs\/ceai-din-plante-zabriceni-50g\/\" \/>\n<meta property=\"og:site_name\" content=\"Biofood\" \/>\n<meta property=\"og:image\" content=\"https:\/\/biofood.md\/wp-content\/uploads\/2024\/10\/zabriceni-50g.jpg\" \/>\n\t<meta property=\"og:image:width\" content=\"620\" \/>\n\t<meta property=\"og:image:height\" content=\"517\" \/>\n\t<meta property=\"og:image:type\" content=\"image\/jpeg\" \/>\n<meta name=\"twitter:card\" content=\"summary_large_image\" \/>\n<meta name=\"twitter:label1\" content=\"Price\" \/>\n\t<meta name=\"twitter:data1\" content=\"40.00&nbsp;MDL\" \/>\n\t<meta name=\"twitter:label2\" content=\"Availability\" \/>\n\t<meta name=\"twitter:data2\" content=\"In stock\" \/>\n<script type=\"application\/ld+json\" class=\"yoast-schema-graph\">{\"@context\":\"https:\/\/schema.org\",\"@graph\":[{\"@type\":\"WebPage\",\"@id\":\"https:\/\/biofood.md\/en\/produs\/ceai-din-plante-zabriceni-50g\/\",\"url\":\"https:\/\/biofood.md\/en\/produs\/ceai-din-plante-zabriceni-50g\/\",\"name\":\"Ceai din plante Z\u0103briceni 50g - Biofood\",\"isPartOf\":{\"@id\":\"https:\/\/biofood.md\/#website\"},\"datePublished\":\"2024-10-30T07:50:36+00:00\",\"dateModified\":\"2024-10-30T07:50:36+00:00\",\"breadcrumb\":{\"@id\":\"https:\/\/biofood.md\/en\/produs\/ceai-din-plante-zabriceni-50g\/#breadcrumb\"},\"inLanguage\":\"en-US\",\"potentialAction\":[{\"@type\":\"ReadAction\",\"target\":[\"https:\/\/biofood.md\/en\/produs\/ceai-din-plante-zabriceni-50g\/\"]}]},{\"@type\":\"BreadcrumbList\",\"@id\":\"https:\/\/biofood.md\/en\/produs\/ceai-din-plante-zabriceni-50g\/#breadcrumb\",\"itemListElement\":[{\"@type\":\"ListItem\",\"position\":1,\"name\":\"Homepage\",\"item\":\"https:\/\/biofood.md\/en\/\"},{\"@type\":\"ListItem\",\"position\":2,\"name\":\"Shop\",\"item\":\"https:\/\/biofood.md\/en\/shop\/\"},{\"@type\":\"ListItem\",\"position\":3,\"name\":\"ECO\",\"item\":\"https:\/\/biofood.md\/categorie-produs\/eco\/\"},{\"@type\":\"ListItem\",\"position\":4,\"name\":\"Ceai din plante Z\u0103briceni 50g\"}]},{\"@type\":\"WebSite\",\"@id\":\"https:\/\/biofood.md\/#website\",\"url\":\"https:\/\/biofood.md\/\",\"name\":\"Biofood\",\"description\":\"Just another WordPress site\",\"publisher\":{\"@id\":\"https:\/\/biofood.md\/#organization\"},\"potentialAction\":[{\"@type\":\"SearchAction\",\"target\":{\"@type\":\"EntryPoint\",\"urlTemplate\":\"https:\/\/biofood.md\/?s={search_term_string}\"},\"query-input\":\"required name=search_term_string\"}],\"inLanguage\":\"en-US\"},{\"@type\":\"Organization\",\"@id\":\"https:\/\/biofood.md\/#organization\",\"name\":\"Biofood\",\"url\":\"https:\/\/biofood.md\/\",\"logo\":{\"@type\":\"ImageObject\",\"inLanguage\":\"en-US\",\"@id\":\"https:\/\/biofood.md\/#\/schema\/logo\/image\/\",\"url\":\"https:\/\/biofood.md\/wp-content\/uploads\/2022\/10\/logo-1.svg\",\"contentUrl\":\"https:\/\/biofood.md\/wp-content\/uploads\/2022\/10\/logo-1.svg\",\"width\":298,\"height\":89,\"caption\":\"Biofood\"},\"image\":{\"@id\":\"https:\/\/biofood.md\/#\/schema\/logo\/image\/\"}}]}<\/script>\n<meta property=\"product:price:amount\" content=\"40.00\" \/>\n<meta property=\"product:price:currency\" content=\"MDL\" \/>\n<meta property=\"og:availability\" content=\"instock\" \/>\n<meta property=\"product:availability\" content=\"instock\" \/>\n<meta property=\"product:condition\" content=\"new\" \/>\n<!-- \/ Yoast SEO plugin. -->","yoast_head_json":{"title":"Ceai din plante Z\u0103briceni 50g - Biofood","robots":{"index":"index","follow":"follow","max-snippet":"max-snippet:-1","max-image-preview":"max-image-preview:large","max-video-preview":"max-video-preview:-1"},"canonical":"https:\/\/biofood.md\/en\/produs\/ceai-din-plante-zabriceni-50g\/","og_locale":"en_US","og_type":"article","og_title":"Ceai din plante Z\u0103briceni 50g - Biofood","og_description":"Imagineaz\u0103-\u021bi, c\u0103 ai \u00een can\u0103 o combina\u021bie fantastic\u0103 din cele mai diverse plante \u0219i flori: frunze de coac\u0103z, frunze de","og_url":"https:\/\/biofood.md\/en\/produs\/ceai-din-plante-zabriceni-50g\/","og_site_name":"Biofood","og_image":[{"width":620,"height":517,"url":"https:\/\/biofood.md\/wp-content\/uploads\/2024\/10\/zabriceni-50g.jpg","type":"image\/jpeg"}],"twitter_card":"summary_large_image","twitter_misc":{"Price":"40.00&nbsp;MDL","Availability":"In stock"},"schema":{"@context":"https:\/\/schema.org","@graph":[{"@type":"WebPage","@id":"https:\/\/biofood.md\/en\/produs\/ceai-din-plante-zabriceni-50g\/","url":"https:\/\/biofood.md\/en\/produs\/ceai-din-plante-zabriceni-50g\/","name":"Ceai din plante Z\u0103briceni 50g - Biofood","isPartOf":{"@id":"https:\/\/biofood.md\/#website"},"datePublished":"2024-10-30T07:50:36+00:00","dateModified":"2024-10-30T07:50:36+00:00","breadcrumb":{"@id":"https:\/\/biofood.md\/en\/produs\/ceai-din-plante-zabriceni-50g\/#breadcrumb"},"inLanguage":"en-US","potentialAction":[{"@type":"ReadAction","target":["https:\/\/biofood.md\/en\/produs\/ceai-din-plante-zabriceni-50g\/"]}]},{"@type":"BreadcrumbList","@id":"https:\/\/biofood.md\/en\/produs\/ceai-din-plante-zabriceni-50g\/#breadcrumb","itemListElement":[{"@type":"ListItem","position":1,"name":"Homepage","item":"https:\/\/biofood.md\/en\/"},{"@type":"ListItem","position":2,"name":"Shop","item":"https:\/\/biofood.md\/en\/shop\/"},{"@type":"ListItem","position":3,"name":"ECO","item":"https:\/\/biofood.md\/categorie-produs\/eco\/"},{"@type":"ListItem","position":4,"name":"Ceai din plante Z\u0103briceni 50g"}]},{"@type":"WebSite","@id":"https:\/\/biofood.md\/#website","url":"https:\/\/biofood.md\/","name":"Biofood","description":"Just another WordPress site","publisher":{"@id":"https:\/\/biofood.md\/#organization"},"potentialAction":[{"@type":"SearchAction","target":{"@type":"EntryPoint","urlTemplate":"https:\/\/biofood.md\/?s={search_term_string}"},"query-input":"required name=search_term_string"}],"inLanguage":"en-US"},{"@type":"Organization","@id":"https:\/\/biofood.md\/#organization","name":"Biofood","url":"https:\/\/biofood.md\/","logo":{"@type":"ImageObject","inLanguage":"en-US","@id":"https:\/\/biofood.md\/#\/schema\/logo\/image\/","url":"https:\/\/biofood.md\/wp-content\/uploads\/2022\/10\/logo-1.svg","contentUrl":"https:\/\/biofood.md\/wp-content\/uploads\/2022\/10\/logo-1.svg","width":298,"height":89,"caption":"Biofood"},"image":{"@id":"https:\/\/biofood.md\/#\/schema\/logo\/image\/"}}]},"product_price_amount":"40.00","product_price_currency":"MDL","og_availability":"instock","product_availability":"instock","product_condition":"new"},"_links":{"self":[{"href":"https:\/\/biofood.md\/en\/wp-json\/wp\/v2\/product\/6364","targetHints":{"allow":["GET"]}}],"collection":[{"href":"https:\/\/biofood.md\/en\/wp-json\/wp\/v2\/product"}],"about":[{"href":"https:\/\/biofood.md\/en\/wp-json\/wp\/v2\/types\/product"}],"replies":[{"embeddable":true,"href":"https:\/\/biofood.md\/en\/wp-json\/wp\/v2\/comments?post=6364"}],"version-history":[{"count":1,"href":"https:\/\/biofood.md\/en\/wp-json\/wp\/v2\/product\/6364\/revisions"}],"predecessor-version":[{"id":6368,"href":"https:\/\/biofood.md\/en\/wp-json\/wp\/v2\/product\/6364\/revisions\/6368"}],"wp:featuredmedia":[{"embeddable":true,"href":"https:\/\/biofood.md\/en\/wp-json\/wp\/v2\/media\/6365"}],"wp:attachment":[{"href":"https:\/\/biofood.md\/en\/wp-json\/wp\/v2\/media?parent=6364"}],"wp:term":[{"taxonomy":"product_cat","embeddable":true,"href":"https:\/\/biofood.md\/en\/wp-json\/wp\/v2\/product_cat?post=6364"},{"taxonomy":"product_tag","embeddable":true,"href":"https:\/\/biofood.md\/en\/wp-json\/wp\/v2\/product_tag?post=6364"}],"curies":[{"name":"wp","href":"https:\/\/api.w.org\/{rel}","templated":true}]}}