{"id":6263,"date":"2024-10-15T11:06:59","date_gmt":"2024-10-15T08:06:59","guid":{"rendered":"https:\/\/biofood.md\/?post_type=product&#038;p=6263"},"modified":"2024-10-28T11:13:34","modified_gmt":"2024-10-28T09:13:34","slug":"suc-de-aronia-300-ml","status":"publish","type":"product","link":"https:\/\/biofood.md\/en\/produs\/suc-de-aronia-300-ml\/","title":{"rendered":"Suc de aronia 300 ml"},"content":{"rendered":"<div class=\"js-store-prod-all-text\">Sucul de Aronia este un produs 100% natural, ob\u021binut din fructe de aronia cultivate ecologic, f\u0103r\u0103 utilizarea pesticidelor sau a altor chimicale. Recunoscut\u0103 pentru con\u021binutul s\u0103u extrem de bogat \u00een antioxidan\u021bi, aronia ajut\u0103 la protejarea organismului de stresul oxidativ \u0219i sus\u021bine s\u0103n\u0103tatea inimii \u0219i a sistemului imunitar.<br \/>\n<strong>Compozi\u021bie:<\/strong>\u00a0Suc de aronia 100% pur, f\u0103r\u0103 adaos de zah\u0103r, conservan\u021bi sau aditivi. Aceast\u0103 b\u0103utur\u0103 p\u0103streaz\u0103 intacte toate propriet\u0103\u021bile nutritive ale fructelor de aronia, oferind un concentrat de s\u0103n\u0103tate pur\u0103.<br \/>\n<strong>Vitamine \u0219i nutrien\u021bi:<\/strong><\/p>\n<ul>\n<li data-list=\"bullet\"><strong>Antioxidan\u021bi (polifenoli)<\/strong>: protejeaz\u0103 celulele \u00eempotriva radicalilor liberi \u0219i \u00eencetinesc procesele de \u00eemb\u0103tr\u00e2nire.<\/li>\n<li data-list=\"bullet\"><strong>Vitamina C<\/strong>: \u00eent\u0103re\u0219te imunitatea \u0219i sprijin\u0103 organismul \u00een lupta \u00eempotriva infec\u021biilor.<\/li>\n<li data-list=\"bullet\"><strong>Vitamina K<\/strong>: sus\u021bine s\u0103n\u0103tatea oaselor \u0219i coagularea corect\u0103 a s\u00e2ngelui.<\/li>\n<li data-list=\"bullet\"><strong>Fibre<\/strong>: ajut\u0103 la o digestie s\u0103n\u0103toas\u0103 \u0219i la reglarea nivelului de zah\u0103r din s\u00e2nge.<\/li>\n<\/ul>\n<p><strong>Beneficii:<\/strong><\/p>\n<ul>\n<li data-list=\"bullet\">Ofer\u0103 protec\u021bie \u00eempotriva radicalilor liberi, datorit\u0103 concentra\u021biei ridicate de antioxidan\u021bi.<\/li>\n<li data-list=\"bullet\">\u00cembun\u0103t\u0103\u021be\u0219te s\u0103n\u0103tatea cardiovascular\u0103, ajut\u00e2nd la men\u021binerea unei tensiuni arteriale normale.<\/li>\n<li data-list=\"bullet\">Stimuleaz\u0103 sistemul imunitar \u0219i protejeaz\u0103 \u00eempotriva r\u0103celilor \u0219i infec\u021biilor.<\/li>\n<li data-list=\"bullet\">\u00cembun\u0103t\u0103\u021be\u0219te digestia \u0219i sprijin\u0103 metabolismul s\u0103n\u0103tos.<\/li>\n<li data-list=\"bullet\">Sus\u021bine s\u0103n\u0103tatea pielii \u0219i ajut\u0103 la prevenirea \u00eemb\u0103tr\u00e2nirii premature.<\/li>\n<\/ul>\n<p><strong>Indica\u021bii:<\/strong>\u00a0Recomandat pentru toate v\u00e2rstele, \u00een special pentru persoanele care doresc s\u0103 \u00ee\u0219i sus\u021bin\u0103 s\u0103n\u0103tatea inimii \u0219i s\u0103 \u00ee\u0219i protejeze organismul de efectele stresului oxidativ. Se recomand\u0103 30-50 ml pe zi pentru adul\u021bi \u0219i 15-30 ml pentru copii, diluat cu ap\u0103 sau ad\u0103ugat \u00een b\u0103uturi.<br \/>\n<strong>Contraindica\u021bii:<\/strong>\u00a0Nu se cunosc contraindica\u021bii majore, \u00eens\u0103 persoanele cu afec\u021biuni cronice ar trebui s\u0103 consulte medicul \u00eenainte de utilizare. De asemenea, femeile \u00eens\u0103rcinate \u0219i cele care al\u0103pteaz\u0103 ar trebui s\u0103 discute cu medicul \u00eenainte de consum.<\/p>\n<\/div>\n<div class=\"js-store-prod-all-charcs\">\n<p class=\"t-typography__characteristics js-store-prod-charcs\">Volum: 300 ml<\/p>\n<p class=\"t-typography__characteristics js-store-prod-charcs\">Vitamine: Vitamina C, Vitamina K<\/p>\n<p class=\"t-typography__characteristics js-store-prod-charcs\">Termen de valabilitate: 12 luni<\/p>\n<\/div>\n","protected":false},"excerpt":{"rendered":"<p>Sucul de Aronia este un produs 100% natural, ob\u021binut din fructe de aronia cultivate ecologic, f\u0103r\u0103 utilizarea pesticidelor sau a<\/p>\n","protected":false},"featured_media":6265,"comment_status":"closed","ping_status":"closed","template":"","meta":[],"product_cat":[538,543],"product_tag":[],"class_list":["post-6263","product","type-product","status-publish","has-post-thumbnail","hentry","product_cat-eco","product_cat-sucuri-naturale"],"yoast_head":"<!-- This site is optimized with the Yoast SEO plugin v19.14 - https:\/\/yoast.com\/wordpress\/plugins\/seo\/ -->\n<title>Suc de aronia 300 ml - Biofood<\/title>\n<meta name=\"robots\" content=\"index, follow, max-snippet:-1, max-image-preview:large, max-video-preview:-1\" \/>\n<link rel=\"canonical\" href=\"https:\/\/biofood.md\/en\/produs\/suc-de-aronia-300-ml\/\" \/>\n<meta property=\"og:locale\" content=\"en_US\" \/>\n<meta property=\"og:type\" content=\"article\" \/>\n<meta property=\"og:title\" content=\"Suc de aronia 300 ml - Biofood\" \/>\n<meta property=\"og:description\" content=\"Sucul de Aronia este un produs 100% natural, ob\u021binut din fructe de aronia cultivate ecologic, f\u0103r\u0103 utilizarea pesticidelor sau a\" \/>\n<meta property=\"og:url\" content=\"https:\/\/biofood.md\/en\/produs\/suc-de-aronia-300-ml\/\" \/>\n<meta property=\"og:site_name\" content=\"Biofood\" \/>\n<meta property=\"article:modified_time\" content=\"2024-10-28T09:13:34+00:00\" \/>\n<meta property=\"og:image\" content=\"https:\/\/biofood.md\/wp-content\/uploads\/2024\/10\/aronia-300.webp\" \/>\n\t<meta property=\"og:image:width\" content=\"1200\" \/>\n\t<meta property=\"og:image:height\" content=\"1200\" \/>\n\t<meta property=\"og:image:type\" content=\"image\/webp\" \/>\n<meta name=\"twitter:card\" content=\"summary_large_image\" \/>\n<meta name=\"twitter:label1\" content=\"Price\" \/>\n\t<meta name=\"twitter:data1\" content=\"60.00&nbsp;MDL\" \/>\n\t<meta name=\"twitter:label2\" content=\"Availability\" \/>\n\t<meta name=\"twitter:data2\" content=\"Out of stock\" \/>\n<script type=\"application\/ld+json\" class=\"yoast-schema-graph\">{\"@context\":\"https:\/\/schema.org\",\"@graph\":[{\"@type\":\"WebPage\",\"@id\":\"https:\/\/biofood.md\/en\/produs\/suc-de-aronia-300-ml\/\",\"url\":\"https:\/\/biofood.md\/en\/produs\/suc-de-aronia-300-ml\/\",\"name\":\"Suc de aronia 300 ml - Biofood\",\"isPartOf\":{\"@id\":\"https:\/\/biofood.md\/#website\"},\"datePublished\":\"2024-10-15T08:06:59+00:00\",\"dateModified\":\"2024-10-28T09:13:34+00:00\",\"breadcrumb\":{\"@id\":\"https:\/\/biofood.md\/en\/produs\/suc-de-aronia-300-ml\/#breadcrumb\"},\"inLanguage\":\"en-US\",\"potentialAction\":[{\"@type\":\"ReadAction\",\"target\":[\"https:\/\/biofood.md\/en\/produs\/suc-de-aronia-300-ml\/\"]}]},{\"@type\":\"BreadcrumbList\",\"@id\":\"https:\/\/biofood.md\/en\/produs\/suc-de-aronia-300-ml\/#breadcrumb\",\"itemListElement\":[{\"@type\":\"ListItem\",\"position\":1,\"name\":\"Homepage\",\"item\":\"https:\/\/biofood.md\/en\/\"},{\"@type\":\"ListItem\",\"position\":2,\"name\":\"Shop\",\"item\":\"https:\/\/biofood.md\/en\/shop\/\"},{\"@type\":\"ListItem\",\"position\":3,\"name\":\"ECO\",\"item\":\"https:\/\/biofood.md\/categorie-produs\/eco\/\"},{\"@type\":\"ListItem\",\"position\":4,\"name\":\"Suc de aronia 300 ml\"}]},{\"@type\":\"WebSite\",\"@id\":\"https:\/\/biofood.md\/#website\",\"url\":\"https:\/\/biofood.md\/\",\"name\":\"Biofood\",\"description\":\"Just another WordPress site\",\"publisher\":{\"@id\":\"https:\/\/biofood.md\/#organization\"},\"potentialAction\":[{\"@type\":\"SearchAction\",\"target\":{\"@type\":\"EntryPoint\",\"urlTemplate\":\"https:\/\/biofood.md\/?s={search_term_string}\"},\"query-input\":\"required name=search_term_string\"}],\"inLanguage\":\"en-US\"},{\"@type\":\"Organization\",\"@id\":\"https:\/\/biofood.md\/#organization\",\"name\":\"Biofood\",\"url\":\"https:\/\/biofood.md\/\",\"logo\":{\"@type\":\"ImageObject\",\"inLanguage\":\"en-US\",\"@id\":\"https:\/\/biofood.md\/#\/schema\/logo\/image\/\",\"url\":\"https:\/\/biofood.md\/wp-content\/uploads\/2022\/10\/logo-1.svg\",\"contentUrl\":\"https:\/\/biofood.md\/wp-content\/uploads\/2022\/10\/logo-1.svg\",\"width\":298,\"height\":89,\"caption\":\"Biofood\"},\"image\":{\"@id\":\"https:\/\/biofood.md\/#\/schema\/logo\/image\/\"}}]}<\/script>\n<meta property=\"product:price:amount\" content=\"60.00\" \/>\n<meta property=\"product:price:currency\" content=\"MDL\" \/>\n<meta property=\"og:availability\" content=\"out of stock\" \/>\n<meta property=\"product:availability\" content=\"out of stock\" \/>\n<meta property=\"product:condition\" content=\"new\" \/>\n<!-- \/ Yoast SEO plugin. -->","yoast_head_json":{"title":"Suc de aronia 300 ml - Biofood","robots":{"index":"index","follow":"follow","max-snippet":"max-snippet:-1","max-image-preview":"max-image-preview:large","max-video-preview":"max-video-preview:-1"},"canonical":"https:\/\/biofood.md\/en\/produs\/suc-de-aronia-300-ml\/","og_locale":"en_US","og_type":"article","og_title":"Suc de aronia 300 ml - Biofood","og_description":"Sucul de Aronia este un produs 100% natural, ob\u021binut din fructe de aronia cultivate ecologic, f\u0103r\u0103 utilizarea pesticidelor sau a","og_url":"https:\/\/biofood.md\/en\/produs\/suc-de-aronia-300-ml\/","og_site_name":"Biofood","article_modified_time":"2024-10-28T09:13:34+00:00","og_image":[{"width":1200,"height":1200,"url":"https:\/\/biofood.md\/wp-content\/uploads\/2024\/10\/aronia-300.webp","type":"image\/webp"}],"twitter_card":"summary_large_image","twitter_misc":{"Price":"60.00&nbsp;MDL","Availability":"Out of stock"},"schema":{"@context":"https:\/\/schema.org","@graph":[{"@type":"WebPage","@id":"https:\/\/biofood.md\/en\/produs\/suc-de-aronia-300-ml\/","url":"https:\/\/biofood.md\/en\/produs\/suc-de-aronia-300-ml\/","name":"Suc de aronia 300 ml - Biofood","isPartOf":{"@id":"https:\/\/biofood.md\/#website"},"datePublished":"2024-10-15T08:06:59+00:00","dateModified":"2024-10-28T09:13:34+00:00","breadcrumb":{"@id":"https:\/\/biofood.md\/en\/produs\/suc-de-aronia-300-ml\/#breadcrumb"},"inLanguage":"en-US","potentialAction":[{"@type":"ReadAction","target":["https:\/\/biofood.md\/en\/produs\/suc-de-aronia-300-ml\/"]}]},{"@type":"BreadcrumbList","@id":"https:\/\/biofood.md\/en\/produs\/suc-de-aronia-300-ml\/#breadcrumb","itemListElement":[{"@type":"ListItem","position":1,"name":"Homepage","item":"https:\/\/biofood.md\/en\/"},{"@type":"ListItem","position":2,"name":"Shop","item":"https:\/\/biofood.md\/en\/shop\/"},{"@type":"ListItem","position":3,"name":"ECO","item":"https:\/\/biofood.md\/categorie-produs\/eco\/"},{"@type":"ListItem","position":4,"name":"Suc de aronia 300 ml"}]},{"@type":"WebSite","@id":"https:\/\/biofood.md\/#website","url":"https:\/\/biofood.md\/","name":"Biofood","description":"Just another WordPress site","publisher":{"@id":"https:\/\/biofood.md\/#organization"},"potentialAction":[{"@type":"SearchAction","target":{"@type":"EntryPoint","urlTemplate":"https:\/\/biofood.md\/?s={search_term_string}"},"query-input":"required name=search_term_string"}],"inLanguage":"en-US"},{"@type":"Organization","@id":"https:\/\/biofood.md\/#organization","name":"Biofood","url":"https:\/\/biofood.md\/","logo":{"@type":"ImageObject","inLanguage":"en-US","@id":"https:\/\/biofood.md\/#\/schema\/logo\/image\/","url":"https:\/\/biofood.md\/wp-content\/uploads\/2022\/10\/logo-1.svg","contentUrl":"https:\/\/biofood.md\/wp-content\/uploads\/2022\/10\/logo-1.svg","width":298,"height":89,"caption":"Biofood"},"image":{"@id":"https:\/\/biofood.md\/#\/schema\/logo\/image\/"}}]},"product_price_amount":"60.00","product_price_currency":"MDL","og_availability":"out of stock","product_availability":"out of stock","product_condition":"new"},"_links":{"self":[{"href":"https:\/\/biofood.md\/en\/wp-json\/wp\/v2\/product\/6263","targetHints":{"allow":["GET"]}}],"collection":[{"href":"https:\/\/biofood.md\/en\/wp-json\/wp\/v2\/product"}],"about":[{"href":"https:\/\/biofood.md\/en\/wp-json\/wp\/v2\/types\/product"}],"replies":[{"embeddable":true,"href":"https:\/\/biofood.md\/en\/wp-json\/wp\/v2\/comments?post=6263"}],"version-history":[{"count":2,"href":"https:\/\/biofood.md\/en\/wp-json\/wp\/v2\/product\/6263\/revisions"}],"predecessor-version":[{"id":6268,"href":"https:\/\/biofood.md\/en\/wp-json\/wp\/v2\/product\/6263\/revisions\/6268"}],"wp:featuredmedia":[{"embeddable":true,"href":"https:\/\/biofood.md\/en\/wp-json\/wp\/v2\/media\/6265"}],"wp:attachment":[{"href":"https:\/\/biofood.md\/en\/wp-json\/wp\/v2\/media?parent=6263"}],"wp:term":[{"taxonomy":"product_cat","embeddable":true,"href":"https:\/\/biofood.md\/en\/wp-json\/wp\/v2\/product_cat?post=6263"},{"taxonomy":"product_tag","embeddable":true,"href":"https:\/\/biofood.md\/en\/wp-json\/wp\/v2\/product_tag?post=6263"}],"curies":[{"name":"wp","href":"https:\/\/api.w.org\/{rel}","templated":true}]}}