{"id":5973,"date":"2023-12-22T11:53:46","date_gmt":"2023-12-22T09:53:46","guid":{"rendered":"https:\/\/biofood.md\/?post_type=product&#038;p=5973"},"modified":"2025-01-09T11:11:09","modified_gmt":"2025-01-09T09:11:09","slug":"faina-integrala-de-alac","status":"publish","type":"product","link":"https:\/\/biofood.md\/en\/produs\/faina-integrala-de-alac\/","title":{"rendered":"F\u0103in\u0103 integral\u0103 de alac"},"content":{"rendered":"<p>Gr\u00e2ul ALAC (EINKORN), este o cereal\u0103 str\u0103veche, care ast\u0103zi devine din ce \u00een ce mai popular\u0103 \u0219i mai apreciat\u0103.<\/p>\n<p>F\u0103ina integral\u0103 de gr\u00e2u ALAC ecologic\u0103 este un produs 100% organic, cu beneficii de excep\u021bie pentru organismul uman, datorit\u0103 substan\u021belor nutritive pe care le con\u021bine: <strong>mangan, fosfor, magneziu, calciu, zinc, seleniu, fier, fibre, proteine \u0219i complexul vitaminic B.<\/strong><\/p>\n","protected":false},"excerpt":{"rendered":"<p>Gr\u00e2ul ALAC (EINKORN), este o cereal\u0103 str\u0103veche, care ast\u0103zi devine din ce \u00een ce mai popular\u0103 \u0219i mai apreciat\u0103. F\u0103ina<\/p>\n","protected":false},"featured_media":6230,"comment_status":"closed","ping_status":"closed","template":"","meta":[],"product_cat":[538,379],"product_tag":[],"class_list":["post-5973","product","type-product","status-publish","has-post-thumbnail","hentry","product_cat-eco","product_cat-produse-cerealiere-fainoase","pa_brand-prograin-organic","pa_size-422"],"yoast_head":"<!-- This site is optimized with the Yoast SEO plugin v19.14 - https:\/\/yoast.com\/wordpress\/plugins\/seo\/ -->\n<title>F\u0103in\u0103 integral\u0103 de alac - Biofood<\/title>\n<meta name=\"robots\" content=\"index, follow, max-snippet:-1, max-image-preview:large, max-video-preview:-1\" \/>\n<link rel=\"canonical\" href=\"https:\/\/biofood.md\/en\/produs\/faina-integrala-de-alac\/\" \/>\n<meta property=\"og:locale\" content=\"en_US\" \/>\n<meta property=\"og:type\" content=\"article\" \/>\n<meta property=\"og:title\" content=\"F\u0103in\u0103 integral\u0103 de alac - Biofood\" \/>\n<meta property=\"og:description\" content=\"Gr\u00e2ul ALAC (EINKORN), este o cereal\u0103 str\u0103veche, care ast\u0103zi devine din ce \u00een ce mai popular\u0103 \u0219i mai apreciat\u0103. F\u0103ina\" \/>\n<meta property=\"og:url\" content=\"https:\/\/biofood.md\/en\/produs\/faina-integrala-de-alac\/\" \/>\n<meta property=\"og:site_name\" content=\"Biofood\" \/>\n<meta property=\"article:modified_time\" content=\"2025-01-09T09:11:09+00:00\" \/>\n<meta property=\"og:image\" content=\"https:\/\/biofood.md\/wp-content\/uploads\/2023\/12\/integrala-de-alac.jpg\" \/>\n\t<meta property=\"og:image:width\" content=\"648\" \/>\n\t<meta property=\"og:image:height\" content=\"811\" \/>\n\t<meta property=\"og:image:type\" content=\"image\/jpeg\" \/>\n<meta name=\"twitter:card\" content=\"summary_large_image\" \/>\n<meta name=\"twitter:label1\" content=\"Price\" \/>\n\t<meta name=\"twitter:data1\" content=\"35.00&nbsp;MDL\" \/>\n\t<meta name=\"twitter:label2\" content=\"Availability\" \/>\n\t<meta name=\"twitter:data2\" content=\"Out of stock\" \/>\n<script type=\"application\/ld+json\" class=\"yoast-schema-graph\">{\"@context\":\"https:\/\/schema.org\",\"@graph\":[{\"@type\":\"WebPage\",\"@id\":\"https:\/\/biofood.md\/en\/produs\/faina-integrala-de-alac\/\",\"url\":\"https:\/\/biofood.md\/en\/produs\/faina-integrala-de-alac\/\",\"name\":\"F\u0103in\u0103 integral\u0103 de alac - Biofood\",\"isPartOf\":{\"@id\":\"https:\/\/biofood.md\/#website\"},\"datePublished\":\"2023-12-22T09:53:46+00:00\",\"dateModified\":\"2025-01-09T09:11:09+00:00\",\"breadcrumb\":{\"@id\":\"https:\/\/biofood.md\/en\/produs\/faina-integrala-de-alac\/#breadcrumb\"},\"inLanguage\":\"en-US\",\"potentialAction\":[{\"@type\":\"ReadAction\",\"target\":[\"https:\/\/biofood.md\/en\/produs\/faina-integrala-de-alac\/\"]}]},{\"@type\":\"BreadcrumbList\",\"@id\":\"https:\/\/biofood.md\/en\/produs\/faina-integrala-de-alac\/#breadcrumb\",\"itemListElement\":[{\"@type\":\"ListItem\",\"position\":1,\"name\":\"Homepage\",\"item\":\"https:\/\/biofood.md\/en\/\"},{\"@type\":\"ListItem\",\"position\":2,\"name\":\"Shop\",\"item\":\"https:\/\/biofood.md\/en\/shop\/\"},{\"@type\":\"ListItem\",\"position\":3,\"name\":\"Cereals\",\"item\":\"https:\/\/biofood.md\/categorie-produs\/produse-cerealiere-fainoase\/\"},{\"@type\":\"ListItem\",\"position\":4,\"name\":\"F\u0103in\u0103 integral\u0103 de alac\"}]},{\"@type\":\"WebSite\",\"@id\":\"https:\/\/biofood.md\/#website\",\"url\":\"https:\/\/biofood.md\/\",\"name\":\"Biofood\",\"description\":\"Just another WordPress site\",\"publisher\":{\"@id\":\"https:\/\/biofood.md\/#organization\"},\"potentialAction\":[{\"@type\":\"SearchAction\",\"target\":{\"@type\":\"EntryPoint\",\"urlTemplate\":\"https:\/\/biofood.md\/?s={search_term_string}\"},\"query-input\":\"required name=search_term_string\"}],\"inLanguage\":\"en-US\"},{\"@type\":\"Organization\",\"@id\":\"https:\/\/biofood.md\/#organization\",\"name\":\"Biofood\",\"url\":\"https:\/\/biofood.md\/\",\"logo\":{\"@type\":\"ImageObject\",\"inLanguage\":\"en-US\",\"@id\":\"https:\/\/biofood.md\/#\/schema\/logo\/image\/\",\"url\":\"https:\/\/biofood.md\/wp-content\/uploads\/2022\/10\/logo-1.svg\",\"contentUrl\":\"https:\/\/biofood.md\/wp-content\/uploads\/2022\/10\/logo-1.svg\",\"width\":298,\"height\":89,\"caption\":\"Biofood\"},\"image\":{\"@id\":\"https:\/\/biofood.md\/#\/schema\/logo\/image\/\"}}]}<\/script>\n<meta property=\"product:price:amount\" content=\"35.00\" \/>\n<meta property=\"product:price:currency\" content=\"MDL\" \/>\n<meta property=\"og:availability\" content=\"out of stock\" \/>\n<meta property=\"product:availability\" content=\"out of stock\" \/>\n<meta property=\"product:retailer_item_id\" content=\"11\" \/>\n<meta property=\"product:condition\" content=\"new\" \/>\n<!-- \/ Yoast SEO plugin. -->","yoast_head_json":{"title":"F\u0103in\u0103 integral\u0103 de alac - Biofood","robots":{"index":"index","follow":"follow","max-snippet":"max-snippet:-1","max-image-preview":"max-image-preview:large","max-video-preview":"max-video-preview:-1"},"canonical":"https:\/\/biofood.md\/en\/produs\/faina-integrala-de-alac\/","og_locale":"en_US","og_type":"article","og_title":"F\u0103in\u0103 integral\u0103 de alac - Biofood","og_description":"Gr\u00e2ul ALAC (EINKORN), este o cereal\u0103 str\u0103veche, care ast\u0103zi devine din ce \u00een ce mai popular\u0103 \u0219i mai apreciat\u0103. F\u0103ina","og_url":"https:\/\/biofood.md\/en\/produs\/faina-integrala-de-alac\/","og_site_name":"Biofood","article_modified_time":"2025-01-09T09:11:09+00:00","og_image":[{"width":648,"height":811,"url":"https:\/\/biofood.md\/wp-content\/uploads\/2023\/12\/integrala-de-alac.jpg","type":"image\/jpeg"}],"twitter_card":"summary_large_image","twitter_misc":{"Price":"35.00&nbsp;MDL","Availability":"Out of stock"},"schema":{"@context":"https:\/\/schema.org","@graph":[{"@type":"WebPage","@id":"https:\/\/biofood.md\/en\/produs\/faina-integrala-de-alac\/","url":"https:\/\/biofood.md\/en\/produs\/faina-integrala-de-alac\/","name":"F\u0103in\u0103 integral\u0103 de alac - Biofood","isPartOf":{"@id":"https:\/\/biofood.md\/#website"},"datePublished":"2023-12-22T09:53:46+00:00","dateModified":"2025-01-09T09:11:09+00:00","breadcrumb":{"@id":"https:\/\/biofood.md\/en\/produs\/faina-integrala-de-alac\/#breadcrumb"},"inLanguage":"en-US","potentialAction":[{"@type":"ReadAction","target":["https:\/\/biofood.md\/en\/produs\/faina-integrala-de-alac\/"]}]},{"@type":"BreadcrumbList","@id":"https:\/\/biofood.md\/en\/produs\/faina-integrala-de-alac\/#breadcrumb","itemListElement":[{"@type":"ListItem","position":1,"name":"Homepage","item":"https:\/\/biofood.md\/en\/"},{"@type":"ListItem","position":2,"name":"Shop","item":"https:\/\/biofood.md\/en\/shop\/"},{"@type":"ListItem","position":3,"name":"Cereals","item":"https:\/\/biofood.md\/categorie-produs\/produse-cerealiere-fainoase\/"},{"@type":"ListItem","position":4,"name":"F\u0103in\u0103 integral\u0103 de alac"}]},{"@type":"WebSite","@id":"https:\/\/biofood.md\/#website","url":"https:\/\/biofood.md\/","name":"Biofood","description":"Just another WordPress site","publisher":{"@id":"https:\/\/biofood.md\/#organization"},"potentialAction":[{"@type":"SearchAction","target":{"@type":"EntryPoint","urlTemplate":"https:\/\/biofood.md\/?s={search_term_string}"},"query-input":"required name=search_term_string"}],"inLanguage":"en-US"},{"@type":"Organization","@id":"https:\/\/biofood.md\/#organization","name":"Biofood","url":"https:\/\/biofood.md\/","logo":{"@type":"ImageObject","inLanguage":"en-US","@id":"https:\/\/biofood.md\/#\/schema\/logo\/image\/","url":"https:\/\/biofood.md\/wp-content\/uploads\/2022\/10\/logo-1.svg","contentUrl":"https:\/\/biofood.md\/wp-content\/uploads\/2022\/10\/logo-1.svg","width":298,"height":89,"caption":"Biofood"},"image":{"@id":"https:\/\/biofood.md\/#\/schema\/logo\/image\/"}}]},"product_price_amount":"35.00","product_price_currency":"MDL","og_availability":"out of stock","product_availability":"out of stock","product_retailer_item_id":"11","product_condition":"new"},"_links":{"self":[{"href":"https:\/\/biofood.md\/en\/wp-json\/wp\/v2\/product\/5973","targetHints":{"allow":["GET"]}}],"collection":[{"href":"https:\/\/biofood.md\/en\/wp-json\/wp\/v2\/product"}],"about":[{"href":"https:\/\/biofood.md\/en\/wp-json\/wp\/v2\/types\/product"}],"replies":[{"embeddable":true,"href":"https:\/\/biofood.md\/en\/wp-json\/wp\/v2\/comments?post=5973"}],"version-history":[{"count":3,"href":"https:\/\/biofood.md\/en\/wp-json\/wp\/v2\/product\/5973\/revisions"}],"predecessor-version":[{"id":6202,"href":"https:\/\/biofood.md\/en\/wp-json\/wp\/v2\/product\/5973\/revisions\/6202"}],"wp:featuredmedia":[{"embeddable":true,"href":"https:\/\/biofood.md\/en\/wp-json\/wp\/v2\/media\/6230"}],"wp:attachment":[{"href":"https:\/\/biofood.md\/en\/wp-json\/wp\/v2\/media?parent=5973"}],"wp:term":[{"taxonomy":"product_cat","embeddable":true,"href":"https:\/\/biofood.md\/en\/wp-json\/wp\/v2\/product_cat?post=5973"},{"taxonomy":"product_tag","embeddable":true,"href":"https:\/\/biofood.md\/en\/wp-json\/wp\/v2\/product_tag?post=5973"}],"curies":[{"name":"wp","href":"https:\/\/api.w.org\/{rel}","templated":true}]}}