{"id":5968,"date":"2023-12-22T11:43:00","date_gmt":"2023-12-22T09:43:00","guid":{"rendered":"https:\/\/biofood.md\/?post_type=product&#038;p=5968"},"modified":"2025-02-17T11:14:42","modified_gmt":"2025-02-17T09:14:42","slug":"faina-integrala-de-secara","status":"publish","type":"product","link":"https:\/\/biofood.md\/en\/produs\/faina-integrala-de-secara\/","title":{"rendered":"F\u0103in\u0103 integral\u0103 de secar\u0103"},"content":{"rendered":"<p>SECARA este o cereal\u0103 str\u0103veche, care ast\u0103zi devine din ce \u00een ce mai popular\u0103 \u0219i mai apreciat\u0103.<\/p>\n<p>F\u0103ina integral\u0103 de SECAR\u0102 ecologic\u0103 este un produs 100% organic, cu beneficii de excep\u021bie pentru organismul uman, datorit\u0103 substan\u021belor nutritive pe care le contine: <strong>magneziu, fier, zinc, fosfor, mangan, fibre,\u00a0proteine si complexul vitaminic B.<\/strong><\/p>\n","protected":false},"excerpt":{"rendered":"<p>SECARA este o cereal\u0103 str\u0103veche, care ast\u0103zi devine din ce \u00een ce mai popular\u0103 \u0219i mai apreciat\u0103. F\u0103ina integral\u0103 de<\/p>\n","protected":false},"featured_media":6236,"comment_status":"closed","ping_status":"closed","template":"","meta":[],"product_cat":[538,379],"product_tag":[],"class_list":["post-5968","product","type-product","status-publish","has-post-thumbnail","hentry","product_cat-eco","product_cat-produse-cerealiere-fainoase","pa_brand-prograin-organic"],"yoast_head":"<!-- This site is optimized with the Yoast SEO plugin v19.14 - https:\/\/yoast.com\/wordpress\/plugins\/seo\/ -->\n<title>F\u0103in\u0103 integral\u0103 de secar\u0103 - Biofood<\/title>\n<meta name=\"robots\" content=\"index, follow, max-snippet:-1, max-image-preview:large, max-video-preview:-1\" \/>\n<link rel=\"canonical\" href=\"https:\/\/biofood.md\/en\/produs\/faina-integrala-de-secara\/\" \/>\n<meta property=\"og:locale\" content=\"en_US\" \/>\n<meta property=\"og:type\" content=\"article\" \/>\n<meta property=\"og:title\" content=\"F\u0103in\u0103 integral\u0103 de secar\u0103 - Biofood\" \/>\n<meta property=\"og:description\" content=\"SECARA este o cereal\u0103 str\u0103veche, care ast\u0103zi devine din ce \u00een ce mai popular\u0103 \u0219i mai apreciat\u0103. F\u0103ina integral\u0103 de\" \/>\n<meta property=\"og:url\" content=\"https:\/\/biofood.md\/en\/produs\/faina-integrala-de-secara\/\" \/>\n<meta property=\"og:site_name\" content=\"Biofood\" \/>\n<meta property=\"article:modified_time\" content=\"2025-02-17T09:14:42+00:00\" \/>\n<meta property=\"og:image\" content=\"https:\/\/biofood.md\/wp-content\/uploads\/2023\/12\/faina-integrala-de-secara.jpg\" \/>\n\t<meta property=\"og:image:width\" content=\"648\" \/>\n\t<meta property=\"og:image:height\" content=\"811\" \/>\n\t<meta property=\"og:image:type\" content=\"image\/jpeg\" \/>\n<meta name=\"twitter:card\" content=\"summary_large_image\" \/>\n<meta name=\"twitter:label1\" content=\"Price\" \/>\n\t<meta name=\"twitter:data1\" content=\"30.00&nbsp;MDL\" \/>\n\t<meta name=\"twitter:label2\" content=\"Availability\" \/>\n\t<meta name=\"twitter:data2\" content=\"In stock\" \/>\n<script type=\"application\/ld+json\" class=\"yoast-schema-graph\">{\"@context\":\"https:\/\/schema.org\",\"@graph\":[{\"@type\":\"WebPage\",\"@id\":\"https:\/\/biofood.md\/en\/produs\/faina-integrala-de-secara\/\",\"url\":\"https:\/\/biofood.md\/en\/produs\/faina-integrala-de-secara\/\",\"name\":\"F\u0103in\u0103 integral\u0103 de secar\u0103 - Biofood\",\"isPartOf\":{\"@id\":\"https:\/\/biofood.md\/#website\"},\"datePublished\":\"2023-12-22T09:43:00+00:00\",\"dateModified\":\"2025-02-17T09:14:42+00:00\",\"breadcrumb\":{\"@id\":\"https:\/\/biofood.md\/en\/produs\/faina-integrala-de-secara\/#breadcrumb\"},\"inLanguage\":\"en-US\",\"potentialAction\":[{\"@type\":\"ReadAction\",\"target\":[\"https:\/\/biofood.md\/en\/produs\/faina-integrala-de-secara\/\"]}]},{\"@type\":\"BreadcrumbList\",\"@id\":\"https:\/\/biofood.md\/en\/produs\/faina-integrala-de-secara\/#breadcrumb\",\"itemListElement\":[{\"@type\":\"ListItem\",\"position\":1,\"name\":\"Homepage\",\"item\":\"https:\/\/biofood.md\/en\/\"},{\"@type\":\"ListItem\",\"position\":2,\"name\":\"Shop\",\"item\":\"https:\/\/biofood.md\/en\/shop\/\"},{\"@type\":\"ListItem\",\"position\":3,\"name\":\"ECO\",\"item\":\"https:\/\/biofood.md\/categorie-produs\/eco\/\"},{\"@type\":\"ListItem\",\"position\":4,\"name\":\"F\u0103in\u0103 integral\u0103 de secar\u0103\"}]},{\"@type\":\"WebSite\",\"@id\":\"https:\/\/biofood.md\/#website\",\"url\":\"https:\/\/biofood.md\/\",\"name\":\"Biofood\",\"description\":\"Just another WordPress site\",\"publisher\":{\"@id\":\"https:\/\/biofood.md\/#organization\"},\"potentialAction\":[{\"@type\":\"SearchAction\",\"target\":{\"@type\":\"EntryPoint\",\"urlTemplate\":\"https:\/\/biofood.md\/?s={search_term_string}\"},\"query-input\":\"required name=search_term_string\"}],\"inLanguage\":\"en-US\"},{\"@type\":\"Organization\",\"@id\":\"https:\/\/biofood.md\/#organization\",\"name\":\"Biofood\",\"url\":\"https:\/\/biofood.md\/\",\"logo\":{\"@type\":\"ImageObject\",\"inLanguage\":\"en-US\",\"@id\":\"https:\/\/biofood.md\/#\/schema\/logo\/image\/\",\"url\":\"https:\/\/biofood.md\/wp-content\/uploads\/2022\/10\/logo-1.svg\",\"contentUrl\":\"https:\/\/biofood.md\/wp-content\/uploads\/2022\/10\/logo-1.svg\",\"width\":298,\"height\":89,\"caption\":\"Biofood\"},\"image\":{\"@id\":\"https:\/\/biofood.md\/#\/schema\/logo\/image\/\"}}]}<\/script>\n<meta property=\"product:price:amount\" content=\"30.00\" \/>\n<meta property=\"product:price:currency\" content=\"MDL\" \/>\n<meta property=\"og:availability\" content=\"instock\" \/>\n<meta property=\"product:availability\" content=\"instock\" \/>\n<meta property=\"product:condition\" content=\"new\" \/>\n<!-- \/ Yoast SEO plugin. -->","yoast_head_json":{"title":"F\u0103in\u0103 integral\u0103 de secar\u0103 - Biofood","robots":{"index":"index","follow":"follow","max-snippet":"max-snippet:-1","max-image-preview":"max-image-preview:large","max-video-preview":"max-video-preview:-1"},"canonical":"https:\/\/biofood.md\/en\/produs\/faina-integrala-de-secara\/","og_locale":"en_US","og_type":"article","og_title":"F\u0103in\u0103 integral\u0103 de secar\u0103 - Biofood","og_description":"SECARA este o cereal\u0103 str\u0103veche, care ast\u0103zi devine din ce \u00een ce mai popular\u0103 \u0219i mai apreciat\u0103. F\u0103ina integral\u0103 de","og_url":"https:\/\/biofood.md\/en\/produs\/faina-integrala-de-secara\/","og_site_name":"Biofood","article_modified_time":"2025-02-17T09:14:42+00:00","og_image":[{"width":648,"height":811,"url":"https:\/\/biofood.md\/wp-content\/uploads\/2023\/12\/faina-integrala-de-secara.jpg","type":"image\/jpeg"}],"twitter_card":"summary_large_image","twitter_misc":{"Price":"30.00&nbsp;MDL","Availability":"In stock"},"schema":{"@context":"https:\/\/schema.org","@graph":[{"@type":"WebPage","@id":"https:\/\/biofood.md\/en\/produs\/faina-integrala-de-secara\/","url":"https:\/\/biofood.md\/en\/produs\/faina-integrala-de-secara\/","name":"F\u0103in\u0103 integral\u0103 de secar\u0103 - Biofood","isPartOf":{"@id":"https:\/\/biofood.md\/#website"},"datePublished":"2023-12-22T09:43:00+00:00","dateModified":"2025-02-17T09:14:42+00:00","breadcrumb":{"@id":"https:\/\/biofood.md\/en\/produs\/faina-integrala-de-secara\/#breadcrumb"},"inLanguage":"en-US","potentialAction":[{"@type":"ReadAction","target":["https:\/\/biofood.md\/en\/produs\/faina-integrala-de-secara\/"]}]},{"@type":"BreadcrumbList","@id":"https:\/\/biofood.md\/en\/produs\/faina-integrala-de-secara\/#breadcrumb","itemListElement":[{"@type":"ListItem","position":1,"name":"Homepage","item":"https:\/\/biofood.md\/en\/"},{"@type":"ListItem","position":2,"name":"Shop","item":"https:\/\/biofood.md\/en\/shop\/"},{"@type":"ListItem","position":3,"name":"ECO","item":"https:\/\/biofood.md\/categorie-produs\/eco\/"},{"@type":"ListItem","position":4,"name":"F\u0103in\u0103 integral\u0103 de secar\u0103"}]},{"@type":"WebSite","@id":"https:\/\/biofood.md\/#website","url":"https:\/\/biofood.md\/","name":"Biofood","description":"Just another WordPress site","publisher":{"@id":"https:\/\/biofood.md\/#organization"},"potentialAction":[{"@type":"SearchAction","target":{"@type":"EntryPoint","urlTemplate":"https:\/\/biofood.md\/?s={search_term_string}"},"query-input":"required name=search_term_string"}],"inLanguage":"en-US"},{"@type":"Organization","@id":"https:\/\/biofood.md\/#organization","name":"Biofood","url":"https:\/\/biofood.md\/","logo":{"@type":"ImageObject","inLanguage":"en-US","@id":"https:\/\/biofood.md\/#\/schema\/logo\/image\/","url":"https:\/\/biofood.md\/wp-content\/uploads\/2022\/10\/logo-1.svg","contentUrl":"https:\/\/biofood.md\/wp-content\/uploads\/2022\/10\/logo-1.svg","width":298,"height":89,"caption":"Biofood"},"image":{"@id":"https:\/\/biofood.md\/#\/schema\/logo\/image\/"}}]},"product_price_amount":"30.00","product_price_currency":"MDL","og_availability":"instock","product_availability":"instock","product_condition":"new"},"_links":{"self":[{"href":"https:\/\/biofood.md\/en\/wp-json\/wp\/v2\/product\/5968","targetHints":{"allow":["GET"]}}],"collection":[{"href":"https:\/\/biofood.md\/en\/wp-json\/wp\/v2\/product"}],"about":[{"href":"https:\/\/biofood.md\/en\/wp-json\/wp\/v2\/types\/product"}],"replies":[{"embeddable":true,"href":"https:\/\/biofood.md\/en\/wp-json\/wp\/v2\/comments?post=5968"}],"version-history":[{"count":4,"href":"https:\/\/biofood.md\/en\/wp-json\/wp\/v2\/product\/5968\/revisions"}],"predecessor-version":[{"id":6203,"href":"https:\/\/biofood.md\/en\/wp-json\/wp\/v2\/product\/5968\/revisions\/6203"}],"wp:featuredmedia":[{"embeddable":true,"href":"https:\/\/biofood.md\/en\/wp-json\/wp\/v2\/media\/6236"}],"wp:attachment":[{"href":"https:\/\/biofood.md\/en\/wp-json\/wp\/v2\/media?parent=5968"}],"wp:term":[{"taxonomy":"product_cat","embeddable":true,"href":"https:\/\/biofood.md\/en\/wp-json\/wp\/v2\/product_cat?post=5968"},{"taxonomy":"product_tag","embeddable":true,"href":"https:\/\/biofood.md\/en\/wp-json\/wp\/v2\/product_tag?post=5968"}],"curies":[{"name":"wp","href":"https:\/\/api.w.org\/{rel}","templated":true}]}}