{"id":5956,"date":"2023-11-06T20:49:47","date_gmt":"2023-11-06T18:49:47","guid":{"rendered":"https:\/\/biofood.md\/?post_type=product&#038;p=5956"},"modified":"2025-02-17T11:15:04","modified_gmt":"2025-02-17T09:15:04","slug":"faina-integrala-de-spelta-ecologica","status":"publish","type":"product","link":"https:\/\/biofood.md\/en\/produs\/faina-integrala-de-spelta-ecologica\/","title":{"rendered":"F\u0103in\u0103 integral\u0103 de spelta ecologic\u0103"},"content":{"rendered":"<p>\uf0fc F\u0103ina integral\u0103 de spelta este produs\u0103 din boabe m\u0103cinate fin, f\u0103r\u0103 a separa coaja, care ofer\u0103 o surs\u0103<br \/>\nbogat\u0103 de fibre dietetice<br \/>\n\uf0fc Bobul de spelta este bogat \u00een antioxidan\u021bi, gr\u0103simi nesaturate, proteine, minerale \u0219i vitamine<br \/>\n\uf0fc Contribuie la accelerarea tranzitului intestinal, \u00eent\u0103rirea imunit\u0103\u021bii \u0219i diminuarea colesterolului<br \/>\n\uf0fc F\u0103ina de spelt\u0103 are un indice glicemic moderat, ceea ce \u00eenseamn\u0103 c\u0103 poate ajuta la men\u021binerea<br \/>\nnivelului de zah\u0103r din s\u00e2nge \u00een limite normale<br \/>\n\uf0fc Produsele de panifica\u021bie \u0219i brut\u0103rie elaborate din f\u0103ina integral\u0103 de spelt\u0103 au adesea un gust u\u0219or de<br \/>\nnuci \u0219i o textur\u0103 pl\u0103cut\u0103<br \/>\n\uf0fc Disponibil\u0103 \u00een ambalaj de 1KG \u0219i 25KG<\/p>\n","protected":false},"excerpt":{"rendered":"<p>\uf0fc F\u0103ina integral\u0103 de spelta este produs\u0103 din boabe m\u0103cinate fin, f\u0103r\u0103 a separa coaja, care ofer\u0103 o surs\u0103 bogat\u0103<\/p>\n","protected":false},"featured_media":6233,"comment_status":"closed","ping_status":"closed","template":"","meta":[],"product_cat":[538,379],"product_tag":[],"class_list":["post-5956","product","type-product","status-publish","has-post-thumbnail","hentry","product_cat-eco","product_cat-produse-cerealiere-fainoase","pa_brand-prograin-organic","pa_size-422"],"yoast_head":"<!-- This site is optimized with the Yoast SEO plugin v19.14 - https:\/\/yoast.com\/wordpress\/plugins\/seo\/ -->\n<title>F\u0103in\u0103 integral\u0103 de spelta ecologic\u0103 - Biofood<\/title>\n<meta name=\"robots\" content=\"index, follow, max-snippet:-1, max-image-preview:large, max-video-preview:-1\" \/>\n<link rel=\"canonical\" href=\"https:\/\/biofood.md\/en\/produs\/faina-integrala-de-spelta-ecologica\/\" \/>\n<meta property=\"og:locale\" content=\"en_US\" \/>\n<meta property=\"og:type\" content=\"article\" \/>\n<meta property=\"og:title\" content=\"F\u0103in\u0103 integral\u0103 de spelta ecologic\u0103 - Biofood\" \/>\n<meta property=\"og:description\" content=\"\uf0fc F\u0103ina integral\u0103 de spelta este produs\u0103 din boabe m\u0103cinate fin, f\u0103r\u0103 a separa coaja, care ofer\u0103 o surs\u0103 bogat\u0103\" \/>\n<meta property=\"og:url\" content=\"https:\/\/biofood.md\/en\/produs\/faina-integrala-de-spelta-ecologica\/\" \/>\n<meta property=\"og:site_name\" content=\"Biofood\" \/>\n<meta property=\"article:modified_time\" content=\"2025-02-17T09:15:04+00:00\" \/>\n<meta property=\"og:image\" content=\"https:\/\/biofood.md\/wp-content\/uploads\/2023\/11\/integrala-de-spelta.jpg\" \/>\n\t<meta property=\"og:image:width\" content=\"648\" \/>\n\t<meta property=\"og:image:height\" content=\"811\" \/>\n\t<meta property=\"og:image:type\" content=\"image\/jpeg\" \/>\n<meta name=\"twitter:card\" content=\"summary_large_image\" \/>\n<meta name=\"twitter:label1\" content=\"Price\" \/>\n\t<meta name=\"twitter:data1\" content=\"35.00&nbsp;MDL\" \/>\n\t<meta name=\"twitter:label2\" content=\"Availability\" \/>\n\t<meta name=\"twitter:data2\" content=\"In stock\" \/>\n<script type=\"application\/ld+json\" class=\"yoast-schema-graph\">{\"@context\":\"https:\/\/schema.org\",\"@graph\":[{\"@type\":\"WebPage\",\"@id\":\"https:\/\/biofood.md\/en\/produs\/faina-integrala-de-spelta-ecologica\/\",\"url\":\"https:\/\/biofood.md\/en\/produs\/faina-integrala-de-spelta-ecologica\/\",\"name\":\"F\u0103in\u0103 integral\u0103 de spelta ecologic\u0103 - Biofood\",\"isPartOf\":{\"@id\":\"https:\/\/biofood.md\/#website\"},\"datePublished\":\"2023-11-06T18:49:47+00:00\",\"dateModified\":\"2025-02-17T09:15:04+00:00\",\"breadcrumb\":{\"@id\":\"https:\/\/biofood.md\/en\/produs\/faina-integrala-de-spelta-ecologica\/#breadcrumb\"},\"inLanguage\":\"en-US\",\"potentialAction\":[{\"@type\":\"ReadAction\",\"target\":[\"https:\/\/biofood.md\/en\/produs\/faina-integrala-de-spelta-ecologica\/\"]}]},{\"@type\":\"BreadcrumbList\",\"@id\":\"https:\/\/biofood.md\/en\/produs\/faina-integrala-de-spelta-ecologica\/#breadcrumb\",\"itemListElement\":[{\"@type\":\"ListItem\",\"position\":1,\"name\":\"Homepage\",\"item\":\"https:\/\/biofood.md\/en\/\"},{\"@type\":\"ListItem\",\"position\":2,\"name\":\"Shop\",\"item\":\"https:\/\/biofood.md\/en\/shop\/\"},{\"@type\":\"ListItem\",\"position\":3,\"name\":\"ECO\",\"item\":\"https:\/\/biofood.md\/categorie-produs\/eco\/\"},{\"@type\":\"ListItem\",\"position\":4,\"name\":\"F\u0103in\u0103 integral\u0103 de spelta ecologic\u0103\"}]},{\"@type\":\"WebSite\",\"@id\":\"https:\/\/biofood.md\/#website\",\"url\":\"https:\/\/biofood.md\/\",\"name\":\"Biofood\",\"description\":\"Just another WordPress site\",\"publisher\":{\"@id\":\"https:\/\/biofood.md\/#organization\"},\"potentialAction\":[{\"@type\":\"SearchAction\",\"target\":{\"@type\":\"EntryPoint\",\"urlTemplate\":\"https:\/\/biofood.md\/?s={search_term_string}\"},\"query-input\":\"required name=search_term_string\"}],\"inLanguage\":\"en-US\"},{\"@type\":\"Organization\",\"@id\":\"https:\/\/biofood.md\/#organization\",\"name\":\"Biofood\",\"url\":\"https:\/\/biofood.md\/\",\"logo\":{\"@type\":\"ImageObject\",\"inLanguage\":\"en-US\",\"@id\":\"https:\/\/biofood.md\/#\/schema\/logo\/image\/\",\"url\":\"https:\/\/biofood.md\/wp-content\/uploads\/2022\/10\/logo-1.svg\",\"contentUrl\":\"https:\/\/biofood.md\/wp-content\/uploads\/2022\/10\/logo-1.svg\",\"width\":298,\"height\":89,\"caption\":\"Biofood\"},\"image\":{\"@id\":\"https:\/\/biofood.md\/#\/schema\/logo\/image\/\"}}]}<\/script>\n<meta property=\"product:price:amount\" content=\"35.00\" \/>\n<meta property=\"product:price:currency\" content=\"MDL\" \/>\n<meta property=\"og:availability\" content=\"instock\" \/>\n<meta property=\"product:availability\" content=\"instock\" \/>\n<meta property=\"product:condition\" content=\"new\" \/>\n<!-- \/ Yoast SEO plugin. -->","yoast_head_json":{"title":"F\u0103in\u0103 integral\u0103 de spelta ecologic\u0103 - Biofood","robots":{"index":"index","follow":"follow","max-snippet":"max-snippet:-1","max-image-preview":"max-image-preview:large","max-video-preview":"max-video-preview:-1"},"canonical":"https:\/\/biofood.md\/en\/produs\/faina-integrala-de-spelta-ecologica\/","og_locale":"en_US","og_type":"article","og_title":"F\u0103in\u0103 integral\u0103 de spelta ecologic\u0103 - Biofood","og_description":"\uf0fc F\u0103ina integral\u0103 de spelta este produs\u0103 din boabe m\u0103cinate fin, f\u0103r\u0103 a separa coaja, care ofer\u0103 o surs\u0103 bogat\u0103","og_url":"https:\/\/biofood.md\/en\/produs\/faina-integrala-de-spelta-ecologica\/","og_site_name":"Biofood","article_modified_time":"2025-02-17T09:15:04+00:00","og_image":[{"width":648,"height":811,"url":"https:\/\/biofood.md\/wp-content\/uploads\/2023\/11\/integrala-de-spelta.jpg","type":"image\/jpeg"}],"twitter_card":"summary_large_image","twitter_misc":{"Price":"35.00&nbsp;MDL","Availability":"In stock"},"schema":{"@context":"https:\/\/schema.org","@graph":[{"@type":"WebPage","@id":"https:\/\/biofood.md\/en\/produs\/faina-integrala-de-spelta-ecologica\/","url":"https:\/\/biofood.md\/en\/produs\/faina-integrala-de-spelta-ecologica\/","name":"F\u0103in\u0103 integral\u0103 de spelta ecologic\u0103 - Biofood","isPartOf":{"@id":"https:\/\/biofood.md\/#website"},"datePublished":"2023-11-06T18:49:47+00:00","dateModified":"2025-02-17T09:15:04+00:00","breadcrumb":{"@id":"https:\/\/biofood.md\/en\/produs\/faina-integrala-de-spelta-ecologica\/#breadcrumb"},"inLanguage":"en-US","potentialAction":[{"@type":"ReadAction","target":["https:\/\/biofood.md\/en\/produs\/faina-integrala-de-spelta-ecologica\/"]}]},{"@type":"BreadcrumbList","@id":"https:\/\/biofood.md\/en\/produs\/faina-integrala-de-spelta-ecologica\/#breadcrumb","itemListElement":[{"@type":"ListItem","position":1,"name":"Homepage","item":"https:\/\/biofood.md\/en\/"},{"@type":"ListItem","position":2,"name":"Shop","item":"https:\/\/biofood.md\/en\/shop\/"},{"@type":"ListItem","position":3,"name":"ECO","item":"https:\/\/biofood.md\/categorie-produs\/eco\/"},{"@type":"ListItem","position":4,"name":"F\u0103in\u0103 integral\u0103 de spelta ecologic\u0103"}]},{"@type":"WebSite","@id":"https:\/\/biofood.md\/#website","url":"https:\/\/biofood.md\/","name":"Biofood","description":"Just another WordPress site","publisher":{"@id":"https:\/\/biofood.md\/#organization"},"potentialAction":[{"@type":"SearchAction","target":{"@type":"EntryPoint","urlTemplate":"https:\/\/biofood.md\/?s={search_term_string}"},"query-input":"required name=search_term_string"}],"inLanguage":"en-US"},{"@type":"Organization","@id":"https:\/\/biofood.md\/#organization","name":"Biofood","url":"https:\/\/biofood.md\/","logo":{"@type":"ImageObject","inLanguage":"en-US","@id":"https:\/\/biofood.md\/#\/schema\/logo\/image\/","url":"https:\/\/biofood.md\/wp-content\/uploads\/2022\/10\/logo-1.svg","contentUrl":"https:\/\/biofood.md\/wp-content\/uploads\/2022\/10\/logo-1.svg","width":298,"height":89,"caption":"Biofood"},"image":{"@id":"https:\/\/biofood.md\/#\/schema\/logo\/image\/"}}]},"product_price_amount":"35.00","product_price_currency":"MDL","og_availability":"instock","product_availability":"instock","product_condition":"new"},"_links":{"self":[{"href":"https:\/\/biofood.md\/en\/wp-json\/wp\/v2\/product\/5956","targetHints":{"allow":["GET"]}}],"collection":[{"href":"https:\/\/biofood.md\/en\/wp-json\/wp\/v2\/product"}],"about":[{"href":"https:\/\/biofood.md\/en\/wp-json\/wp\/v2\/types\/product"}],"replies":[{"embeddable":true,"href":"https:\/\/biofood.md\/en\/wp-json\/wp\/v2\/comments?post=5956"}],"version-history":[{"count":2,"href":"https:\/\/biofood.md\/en\/wp-json\/wp\/v2\/product\/5956\/revisions"}],"predecessor-version":[{"id":6205,"href":"https:\/\/biofood.md\/en\/wp-json\/wp\/v2\/product\/5956\/revisions\/6205"}],"wp:featuredmedia":[{"embeddable":true,"href":"https:\/\/biofood.md\/en\/wp-json\/wp\/v2\/media\/6233"}],"wp:attachment":[{"href":"https:\/\/biofood.md\/en\/wp-json\/wp\/v2\/media?parent=5956"}],"wp:term":[{"taxonomy":"product_cat","embeddable":true,"href":"https:\/\/biofood.md\/en\/wp-json\/wp\/v2\/product_cat?post=5956"},{"taxonomy":"product_tag","embeddable":true,"href":"https:\/\/biofood.md\/en\/wp-json\/wp\/v2\/product_tag?post=5956"}],"curies":[{"name":"wp","href":"https:\/\/api.w.org\/{rel}","templated":true}]}}