{"id":5915,"date":"2023-11-01T10:33:19","date_gmt":"2023-11-01T08:33:19","guid":{"rendered":"https:\/\/biofood.md\/?post_type=product&#038;p=5915"},"modified":"2024-12-24T18:42:55","modified_gmt":"2024-12-24T16:42:55","slug":"ulei-din-miez-de-nuca-250g","status":"publish","type":"product","link":"https:\/\/biofood.md\/en\/produs\/ulei-din-miez-de-nuca-250g\/","title":{"rendered":"Ulei din miez de nuc\u0103, 250g"},"content":{"rendered":"<p>ULEI VEGETAL PUR PRESAT LA RECE, DIN MIEZ DE NUC\u0102<\/p>\n<p>Uleiul nerafinat de nuci este obinut din fructul lemnos al nucului, dupa uscare si este presat la rece.<\/p>\n<p>Se adaug\u0103 \u00een salate, sosuri \u015fi m\u00e2nc\u0103ruri gata preparate. Confer\u0103 bucatelor gust deosebit.<\/p>\n<p>Are un gust si miros foarte placut, specific miezului de nuca.<\/p>\n<p>Uleiul de nuca este bogat in acizii grasi omega 3, vitaminele B1, B2, si B3, vitamina E si niacina. S-au facut numeroase studii pentru a se evalua efectele si rezultate in urma consumului de ulei de nuca, privind prevalenta bolilor, mortalitatii si factorilor de risc pentru diverse conditii.<br \/>\nIn prezent, se poate afirma ca un consum regulat de nuci poate preveni mai multe tipuri de boli, dar cel mai important avantaj este ca se va diminua riscul aparitiei afectiunilor cardiace coronariene. Nucile sunt bogate in fitonutrienti si sunt o sursa excelenta de seleniu, fosfor, magneziu, zinc, fier si calciu.<\/p>\n<p>Uleiul de nuca ofera multiple beneficii sanatatii. Iata doar cateva dintre acestea:<br \/>\n<strong>Circulatia sangelui\u00a0<\/strong>&#8211; Uleiul de nuca este bogat in grasimi mononesaturate cum ar fi acizii grasi omega-9, ce sustine elasticitatea arterelor si implicit ajuta la imbunatatirea fluxului de sange din organism, reducand sansele de rigidizare a arterelor.<br \/>\n<strong>Reduce riscul aparitiei bolilor cardiace\u00a0<\/strong>&#8211; Uleiul de nuca este benefic pentru sanatatea inimii in special datorita nivelului extrem de ridicat de acid alfa-linoleic care este un tip de acid gras omega-3.<br \/>\nAcidul alfa-linoleic este transformat in acid eicosapentaenoic si acid docosahexaenoic. In urma unui studiu s-a demonstrat ca la persoanele care au consumat zilnic ulei de nuca, a avut loc o imbunatatire semnificativa a sanatatii vaselor de sange, fapt ce stimuleaza o functionare adecvata a inimii si reduce riscul de boli cardiace.<br \/>\n<strong>Ameliorarea inflamatiei\u00a0<\/strong>&#8211; Uleiul de nuca este o sursa buna de grasimi polinesaturate, cum ar fi omega-3 si omega-6, care sunt extrem de utile pentru reducerea inflamatiei care apare in cazul unor boli, cum ar fi artrita.<br \/>\n<strong>Reglarea nivelurilor hormonale\u00a0<\/strong>&#8211; Nucile sunt o sursa extrem de bogata de fitonutrienti. Acestea contin minerale precum seleniu, magneziu, fier, calciu, fosfor si zinc. Toate aceste substante ajuta la mentinerea echilibrului hormonilor din organism.<br \/>\n<strong>Frumusetea pielii\u00a0<\/strong>&#8211; Uleiul de nuca este o sursa buna de vitamina B (contine vitaminele B1, B2, B3) dar si vitamina E si niacina. Toate aceste vitamine contribuie la infrumusetarea si mentinerea sanatatii pielii.<br \/>\nUnii dintre fitonutrienti precum si acizii grasi din compozitia uleiului de nuca fac pielea mai elastica si ii imbunatatesc textura.<br \/>\n<strong>Eczeme\u00a0<\/strong>&#8211; O lingurita de ulei de nuca pe zi ajuta la vindecarea eczemelor si eruptiilor pielii.<br \/>\n<strong>Beneficii antiimbatranire (antiaging)<\/strong>\u00a0&#8211; Uleiul de nuca este bogat in antioxidanti care ajuta la reducerea efectelor radicalilor liberi si previne deteriorarea celulelor, prevenind procesul imbatranirii.<\/p>\n<p><strong>100% ulei de nuc\u0103 presat la rece.<\/strong><br \/>\nTemperatura recomandat\u0103 de p\u0103strare +5\u00b0C&#8230;+20\u00b0C. A fi ferit de razele solare. Dup\u0103 deschidere a se consuma, de preferin\u0163\u0103, \u00een 45 de zile.<\/p>\n","protected":false},"excerpt":{"rendered":"<p>ULEI VEGETAL PUR PRESAT LA RECE, DIN MIEZ DE NUC\u0102 Uleiul nerafinat de nuci este obinut din fructul lemnos al<\/p>\n","protected":false},"featured_media":5916,"comment_status":"closed","ping_status":"closed","template":"","meta":[],"product_cat":[420],"product_tag":[],"class_list":["post-5915","product","type-product","status-publish","has-post-thumbnail","hentry","product_cat-uleiuri-presate-la-rece","pa_brand-monicol","pa_size-389"],"yoast_head":"<!-- This site is optimized with the Yoast SEO plugin v19.14 - https:\/\/yoast.com\/wordpress\/plugins\/seo\/ -->\n<title>Ulei din miez de nuc\u0103, 250g - Biofood<\/title>\n<meta name=\"robots\" content=\"index, follow, max-snippet:-1, max-image-preview:large, max-video-preview:-1\" \/>\n<link rel=\"canonical\" href=\"https:\/\/biofood.md\/en\/produs\/ulei-din-miez-de-nuca-250g\/\" \/>\n<meta property=\"og:locale\" content=\"en_US\" \/>\n<meta property=\"og:type\" content=\"article\" \/>\n<meta property=\"og:title\" content=\"Ulei din miez de nuc\u0103, 250g - Biofood\" \/>\n<meta property=\"og:description\" content=\"ULEI VEGETAL PUR PRESAT LA RECE, DIN MIEZ DE NUC\u0102 Uleiul nerafinat de nuci este obinut din fructul lemnos al\" \/>\n<meta property=\"og:url\" content=\"https:\/\/biofood.md\/en\/produs\/ulei-din-miez-de-nuca-250g\/\" \/>\n<meta property=\"og:site_name\" content=\"Biofood\" \/>\n<meta property=\"article:modified_time\" content=\"2024-12-24T16:42:55+00:00\" \/>\n<meta property=\"og:image\" content=\"https:\/\/biofood.md\/wp-content\/uploads\/2023\/11\/ulei-nuci-scaled.jpg\" \/>\n\t<meta property=\"og:image:width\" content=\"1920\" \/>\n\t<meta property=\"og:image:height\" content=\"2560\" \/>\n\t<meta property=\"og:image:type\" content=\"image\/jpeg\" \/>\n<meta name=\"twitter:card\" content=\"summary_large_image\" \/>\n<meta name=\"twitter:label1\" content=\"Price\" \/>\n\t<meta name=\"twitter:data1\" content=\"70.00&nbsp;MDL\" \/>\n\t<meta name=\"twitter:label2\" content=\"Availability\" \/>\n\t<meta name=\"twitter:data2\" content=\"Out of stock\" \/>\n<script type=\"application\/ld+json\" class=\"yoast-schema-graph\">{\"@context\":\"https:\/\/schema.org\",\"@graph\":[{\"@type\":\"WebPage\",\"@id\":\"https:\/\/biofood.md\/en\/produs\/ulei-din-miez-de-nuca-250g\/\",\"url\":\"https:\/\/biofood.md\/en\/produs\/ulei-din-miez-de-nuca-250g\/\",\"name\":\"Ulei din miez de nuc\u0103, 250g - Biofood\",\"isPartOf\":{\"@id\":\"https:\/\/biofood.md\/#website\"},\"datePublished\":\"2023-11-01T08:33:19+00:00\",\"dateModified\":\"2024-12-24T16:42:55+00:00\",\"breadcrumb\":{\"@id\":\"https:\/\/biofood.md\/en\/produs\/ulei-din-miez-de-nuca-250g\/#breadcrumb\"},\"inLanguage\":\"en-US\",\"potentialAction\":[{\"@type\":\"ReadAction\",\"target\":[\"https:\/\/biofood.md\/en\/produs\/ulei-din-miez-de-nuca-250g\/\"]}]},{\"@type\":\"BreadcrumbList\",\"@id\":\"https:\/\/biofood.md\/en\/produs\/ulei-din-miez-de-nuca-250g\/#breadcrumb\",\"itemListElement\":[{\"@type\":\"ListItem\",\"position\":1,\"name\":\"Homepage\",\"item\":\"https:\/\/biofood.md\/en\/\"},{\"@type\":\"ListItem\",\"position\":2,\"name\":\"Shop\",\"item\":\"https:\/\/biofood.md\/en\/shop\/\"},{\"@type\":\"ListItem\",\"position\":3,\"name\":\"Cold pressed oils\",\"item\":\"https:\/\/biofood.md\/categorie-produs\/uleiuri-presate-la-rece\/\"},{\"@type\":\"ListItem\",\"position\":4,\"name\":\"Ulei din miez de nuc\u0103, 250g\"}]},{\"@type\":\"WebSite\",\"@id\":\"https:\/\/biofood.md\/#website\",\"url\":\"https:\/\/biofood.md\/\",\"name\":\"Biofood\",\"description\":\"Just another WordPress site\",\"publisher\":{\"@id\":\"https:\/\/biofood.md\/#organization\"},\"potentialAction\":[{\"@type\":\"SearchAction\",\"target\":{\"@type\":\"EntryPoint\",\"urlTemplate\":\"https:\/\/biofood.md\/?s={search_term_string}\"},\"query-input\":\"required name=search_term_string\"}],\"inLanguage\":\"en-US\"},{\"@type\":\"Organization\",\"@id\":\"https:\/\/biofood.md\/#organization\",\"name\":\"Biofood\",\"url\":\"https:\/\/biofood.md\/\",\"logo\":{\"@type\":\"ImageObject\",\"inLanguage\":\"en-US\",\"@id\":\"https:\/\/biofood.md\/#\/schema\/logo\/image\/\",\"url\":\"https:\/\/biofood.md\/wp-content\/uploads\/2022\/10\/logo-1.svg\",\"contentUrl\":\"https:\/\/biofood.md\/wp-content\/uploads\/2022\/10\/logo-1.svg\",\"width\":298,\"height\":89,\"caption\":\"Biofood\"},\"image\":{\"@id\":\"https:\/\/biofood.md\/#\/schema\/logo\/image\/\"}}]}<\/script>\n<meta property=\"product:price:amount\" content=\"70.00\" \/>\n<meta property=\"product:price:currency\" content=\"MDL\" \/>\n<meta property=\"og:availability\" content=\"out of stock\" \/>\n<meta property=\"product:availability\" content=\"out of stock\" \/>\n<meta property=\"product:condition\" content=\"new\" \/>\n<!-- \/ Yoast SEO plugin. -->","yoast_head_json":{"title":"Ulei din miez de nuc\u0103, 250g - Biofood","robots":{"index":"index","follow":"follow","max-snippet":"max-snippet:-1","max-image-preview":"max-image-preview:large","max-video-preview":"max-video-preview:-1"},"canonical":"https:\/\/biofood.md\/en\/produs\/ulei-din-miez-de-nuca-250g\/","og_locale":"en_US","og_type":"article","og_title":"Ulei din miez de nuc\u0103, 250g - Biofood","og_description":"ULEI VEGETAL PUR PRESAT LA RECE, DIN MIEZ DE NUC\u0102 Uleiul nerafinat de nuci este obinut din fructul lemnos al","og_url":"https:\/\/biofood.md\/en\/produs\/ulei-din-miez-de-nuca-250g\/","og_site_name":"Biofood","article_modified_time":"2024-12-24T16:42:55+00:00","og_image":[{"width":1920,"height":2560,"url":"https:\/\/biofood.md\/wp-content\/uploads\/2023\/11\/ulei-nuci-scaled.jpg","type":"image\/jpeg"}],"twitter_card":"summary_large_image","twitter_misc":{"Price":"70.00&nbsp;MDL","Availability":"Out of stock"},"schema":{"@context":"https:\/\/schema.org","@graph":[{"@type":"WebPage","@id":"https:\/\/biofood.md\/en\/produs\/ulei-din-miez-de-nuca-250g\/","url":"https:\/\/biofood.md\/en\/produs\/ulei-din-miez-de-nuca-250g\/","name":"Ulei din miez de nuc\u0103, 250g - Biofood","isPartOf":{"@id":"https:\/\/biofood.md\/#website"},"datePublished":"2023-11-01T08:33:19+00:00","dateModified":"2024-12-24T16:42:55+00:00","breadcrumb":{"@id":"https:\/\/biofood.md\/en\/produs\/ulei-din-miez-de-nuca-250g\/#breadcrumb"},"inLanguage":"en-US","potentialAction":[{"@type":"ReadAction","target":["https:\/\/biofood.md\/en\/produs\/ulei-din-miez-de-nuca-250g\/"]}]},{"@type":"BreadcrumbList","@id":"https:\/\/biofood.md\/en\/produs\/ulei-din-miez-de-nuca-250g\/#breadcrumb","itemListElement":[{"@type":"ListItem","position":1,"name":"Homepage","item":"https:\/\/biofood.md\/en\/"},{"@type":"ListItem","position":2,"name":"Shop","item":"https:\/\/biofood.md\/en\/shop\/"},{"@type":"ListItem","position":3,"name":"Cold pressed oils","item":"https:\/\/biofood.md\/categorie-produs\/uleiuri-presate-la-rece\/"},{"@type":"ListItem","position":4,"name":"Ulei din miez de nuc\u0103, 250g"}]},{"@type":"WebSite","@id":"https:\/\/biofood.md\/#website","url":"https:\/\/biofood.md\/","name":"Biofood","description":"Just another WordPress site","publisher":{"@id":"https:\/\/biofood.md\/#organization"},"potentialAction":[{"@type":"SearchAction","target":{"@type":"EntryPoint","urlTemplate":"https:\/\/biofood.md\/?s={search_term_string}"},"query-input":"required name=search_term_string"}],"inLanguage":"en-US"},{"@type":"Organization","@id":"https:\/\/biofood.md\/#organization","name":"Biofood","url":"https:\/\/biofood.md\/","logo":{"@type":"ImageObject","inLanguage":"en-US","@id":"https:\/\/biofood.md\/#\/schema\/logo\/image\/","url":"https:\/\/biofood.md\/wp-content\/uploads\/2022\/10\/logo-1.svg","contentUrl":"https:\/\/biofood.md\/wp-content\/uploads\/2022\/10\/logo-1.svg","width":298,"height":89,"caption":"Biofood"},"image":{"@id":"https:\/\/biofood.md\/#\/schema\/logo\/image\/"}}]},"product_price_amount":"70.00","product_price_currency":"MDL","og_availability":"out of stock","product_availability":"out of stock","product_condition":"new"},"_links":{"self":[{"href":"https:\/\/biofood.md\/en\/wp-json\/wp\/v2\/product\/5915","targetHints":{"allow":["GET"]}}],"collection":[{"href":"https:\/\/biofood.md\/en\/wp-json\/wp\/v2\/product"}],"about":[{"href":"https:\/\/biofood.md\/en\/wp-json\/wp\/v2\/types\/product"}],"replies":[{"embeddable":true,"href":"https:\/\/biofood.md\/en\/wp-json\/wp\/v2\/comments?post=5915"}],"version-history":[{"count":1,"href":"https:\/\/biofood.md\/en\/wp-json\/wp\/v2\/product\/5915\/revisions"}],"predecessor-version":[{"id":5919,"href":"https:\/\/biofood.md\/en\/wp-json\/wp\/v2\/product\/5915\/revisions\/5919"}],"wp:featuredmedia":[{"embeddable":true,"href":"https:\/\/biofood.md\/en\/wp-json\/wp\/v2\/media\/5916"}],"wp:attachment":[{"href":"https:\/\/biofood.md\/en\/wp-json\/wp\/v2\/media?parent=5915"}],"wp:term":[{"taxonomy":"product_cat","embeddable":true,"href":"https:\/\/biofood.md\/en\/wp-json\/wp\/v2\/product_cat?post=5915"},{"taxonomy":"product_tag","embeddable":true,"href":"https:\/\/biofood.md\/en\/wp-json\/wp\/v2\/product_tag?post=5915"}],"curies":[{"name":"wp","href":"https:\/\/api.w.org\/{rel}","templated":true}]}}