{"id":5672,"date":"2023-09-29T11:44:01","date_gmt":"2023-09-29T08:44:01","guid":{"rendered":"https:\/\/biofood.md\/?post_type=product&#038;p=5672"},"modified":"2023-10-18T16:41:37","modified_gmt":"2023-10-18T13:41:37","slug":"equinox-merlot-750-g","status":"publish","type":"product","link":"https:\/\/biofood.md\/en\/produs\/equinox-merlot-750-g\/","title":{"rendered":"Equinox Merlot 750 g"},"content":{"rendered":"<p>Acest Merlot ofer\u0103 arome complexe predominante de cire\u0219e negre, lemn dulce nuan\u021bate de note de scor\u021bi\u0219oar\u0103 \u0219i crem\u0103 de vanilie. Corpul evolueaz\u0103 spre o mineralitate ce intrig\u0103, cu arome de p\u00e2ine pr\u0103jit\u0103 \u0219i senza\u021bie de lemn dulce pe final. Maturat \u00een butoaie de stejar timp de 2 ani.<\/p>\n","protected":false},"excerpt":{"rendered":"<p>Acest Merlot ofer\u0103 arome complexe predominante de cire\u0219e negre, lemn dulce nuan\u021bate de note de scor\u021bi\u0219oar\u0103 \u0219i crem\u0103 de vanilie.<\/p>\n","protected":false},"featured_media":5673,"comment_status":"closed","ping_status":"closed","template":"","meta":[],"product_cat":[538,388],"product_tag":[],"class_list":["post-5672","product","type-product","status-publish","has-post-thumbnail","hentry","product_cat-eco","product_cat-vinuri","pa_brand-equinox","pa_size-534"],"yoast_head":"<!-- This site is optimized with the Yoast SEO plugin v19.14 - https:\/\/yoast.com\/wordpress\/plugins\/seo\/ -->\n<title>Equinox Merlot 750 g - Biofood<\/title>\n<meta name=\"robots\" content=\"index, follow, max-snippet:-1, max-image-preview:large, max-video-preview:-1\" \/>\n<link rel=\"canonical\" href=\"https:\/\/biofood.md\/en\/produs\/equinox-merlot-750-g\/\" \/>\n<meta property=\"og:locale\" content=\"en_US\" \/>\n<meta property=\"og:type\" content=\"article\" \/>\n<meta property=\"og:title\" content=\"Equinox Merlot 750 g - Biofood\" \/>\n<meta property=\"og:description\" content=\"Acest Merlot ofer\u0103 arome complexe predominante de cire\u0219e negre, lemn dulce nuan\u021bate de note de scor\u021bi\u0219oar\u0103 \u0219i crem\u0103 de vanilie.\" \/>\n<meta property=\"og:url\" content=\"https:\/\/biofood.md\/en\/produs\/equinox-merlot-750-g\/\" \/>\n<meta property=\"og:site_name\" content=\"Biofood\" \/>\n<meta property=\"article:modified_time\" content=\"2023-10-18T13:41:37+00:00\" \/>\n<meta property=\"og:image\" content=\"https:\/\/biofood.md\/wp-content\/uploads\/2023\/09\/equinox_merlot_vincuvin.webp\" \/>\n\t<meta property=\"og:image:width\" content=\"2000\" \/>\n\t<meta property=\"og:image:height\" content=\"2000\" \/>\n\t<meta property=\"og:image:type\" content=\"image\/webp\" \/>\n<meta name=\"twitter:card\" content=\"summary_large_image\" \/>\n<meta name=\"twitter:label1\" content=\"Price\" \/>\n\t<meta name=\"twitter:data1\" content=\"260.00&nbsp;MDL\" \/>\n\t<meta name=\"twitter:label2\" content=\"Availability\" \/>\n\t<meta name=\"twitter:data2\" content=\"Out of stock\" \/>\n<script type=\"application\/ld+json\" class=\"yoast-schema-graph\">{\"@context\":\"https:\/\/schema.org\",\"@graph\":[{\"@type\":\"WebPage\",\"@id\":\"https:\/\/biofood.md\/en\/produs\/equinox-merlot-750-g\/\",\"url\":\"https:\/\/biofood.md\/en\/produs\/equinox-merlot-750-g\/\",\"name\":\"Equinox Merlot 750 g - Biofood\",\"isPartOf\":{\"@id\":\"https:\/\/biofood.md\/#website\"},\"datePublished\":\"2023-09-29T08:44:01+00:00\",\"dateModified\":\"2023-10-18T13:41:37+00:00\",\"breadcrumb\":{\"@id\":\"https:\/\/biofood.md\/en\/produs\/equinox-merlot-750-g\/#breadcrumb\"},\"inLanguage\":\"en-US\",\"potentialAction\":[{\"@type\":\"ReadAction\",\"target\":[\"https:\/\/biofood.md\/en\/produs\/equinox-merlot-750-g\/\"]}]},{\"@type\":\"BreadcrumbList\",\"@id\":\"https:\/\/biofood.md\/en\/produs\/equinox-merlot-750-g\/#breadcrumb\",\"itemListElement\":[{\"@type\":\"ListItem\",\"position\":1,\"name\":\"Homepage\",\"item\":\"https:\/\/biofood.md\/en\/\"},{\"@type\":\"ListItem\",\"position\":2,\"name\":\"Shop\",\"item\":\"https:\/\/biofood.md\/en\/shop\/\"},{\"@type\":\"ListItem\",\"position\":3,\"name\":\"Vine\",\"item\":\"https:\/\/biofood.md\/categorie-produs\/vinuri\/\"},{\"@type\":\"ListItem\",\"position\":4,\"name\":\"Equinox Merlot 750 g\"}]},{\"@type\":\"WebSite\",\"@id\":\"https:\/\/biofood.md\/#website\",\"url\":\"https:\/\/biofood.md\/\",\"name\":\"Biofood\",\"description\":\"Just another WordPress site\",\"publisher\":{\"@id\":\"https:\/\/biofood.md\/#organization\"},\"potentialAction\":[{\"@type\":\"SearchAction\",\"target\":{\"@type\":\"EntryPoint\",\"urlTemplate\":\"https:\/\/biofood.md\/?s={search_term_string}\"},\"query-input\":\"required name=search_term_string\"}],\"inLanguage\":\"en-US\"},{\"@type\":\"Organization\",\"@id\":\"https:\/\/biofood.md\/#organization\",\"name\":\"Biofood\",\"url\":\"https:\/\/biofood.md\/\",\"logo\":{\"@type\":\"ImageObject\",\"inLanguage\":\"en-US\",\"@id\":\"https:\/\/biofood.md\/#\/schema\/logo\/image\/\",\"url\":\"https:\/\/biofood.md\/wp-content\/uploads\/2022\/10\/logo-1.svg\",\"contentUrl\":\"https:\/\/biofood.md\/wp-content\/uploads\/2022\/10\/logo-1.svg\",\"width\":298,\"height\":89,\"caption\":\"Biofood\"},\"image\":{\"@id\":\"https:\/\/biofood.md\/#\/schema\/logo\/image\/\"}}]}<\/script>\n<meta property=\"product:price:amount\" content=\"260.00\" \/>\n<meta property=\"product:price:currency\" content=\"MDL\" \/>\n<meta property=\"og:availability\" content=\"out of stock\" \/>\n<meta property=\"product:availability\" content=\"out of stock\" \/>\n<meta property=\"product:condition\" content=\"new\" \/>\n<!-- \/ Yoast SEO plugin. -->","yoast_head_json":{"title":"Equinox Merlot 750 g - Biofood","robots":{"index":"index","follow":"follow","max-snippet":"max-snippet:-1","max-image-preview":"max-image-preview:large","max-video-preview":"max-video-preview:-1"},"canonical":"https:\/\/biofood.md\/en\/produs\/equinox-merlot-750-g\/","og_locale":"en_US","og_type":"article","og_title":"Equinox Merlot 750 g - Biofood","og_description":"Acest Merlot ofer\u0103 arome complexe predominante de cire\u0219e negre, lemn dulce nuan\u021bate de note de scor\u021bi\u0219oar\u0103 \u0219i crem\u0103 de vanilie.","og_url":"https:\/\/biofood.md\/en\/produs\/equinox-merlot-750-g\/","og_site_name":"Biofood","article_modified_time":"2023-10-18T13:41:37+00:00","og_image":[{"width":2000,"height":2000,"url":"https:\/\/biofood.md\/wp-content\/uploads\/2023\/09\/equinox_merlot_vincuvin.webp","type":"image\/webp"}],"twitter_card":"summary_large_image","twitter_misc":{"Price":"260.00&nbsp;MDL","Availability":"Out of stock"},"schema":{"@context":"https:\/\/schema.org","@graph":[{"@type":"WebPage","@id":"https:\/\/biofood.md\/en\/produs\/equinox-merlot-750-g\/","url":"https:\/\/biofood.md\/en\/produs\/equinox-merlot-750-g\/","name":"Equinox Merlot 750 g - Biofood","isPartOf":{"@id":"https:\/\/biofood.md\/#website"},"datePublished":"2023-09-29T08:44:01+00:00","dateModified":"2023-10-18T13:41:37+00:00","breadcrumb":{"@id":"https:\/\/biofood.md\/en\/produs\/equinox-merlot-750-g\/#breadcrumb"},"inLanguage":"en-US","potentialAction":[{"@type":"ReadAction","target":["https:\/\/biofood.md\/en\/produs\/equinox-merlot-750-g\/"]}]},{"@type":"BreadcrumbList","@id":"https:\/\/biofood.md\/en\/produs\/equinox-merlot-750-g\/#breadcrumb","itemListElement":[{"@type":"ListItem","position":1,"name":"Homepage","item":"https:\/\/biofood.md\/en\/"},{"@type":"ListItem","position":2,"name":"Shop","item":"https:\/\/biofood.md\/en\/shop\/"},{"@type":"ListItem","position":3,"name":"Vine","item":"https:\/\/biofood.md\/categorie-produs\/vinuri\/"},{"@type":"ListItem","position":4,"name":"Equinox Merlot 750 g"}]},{"@type":"WebSite","@id":"https:\/\/biofood.md\/#website","url":"https:\/\/biofood.md\/","name":"Biofood","description":"Just another WordPress site","publisher":{"@id":"https:\/\/biofood.md\/#organization"},"potentialAction":[{"@type":"SearchAction","target":{"@type":"EntryPoint","urlTemplate":"https:\/\/biofood.md\/?s={search_term_string}"},"query-input":"required name=search_term_string"}],"inLanguage":"en-US"},{"@type":"Organization","@id":"https:\/\/biofood.md\/#organization","name":"Biofood","url":"https:\/\/biofood.md\/","logo":{"@type":"ImageObject","inLanguage":"en-US","@id":"https:\/\/biofood.md\/#\/schema\/logo\/image\/","url":"https:\/\/biofood.md\/wp-content\/uploads\/2022\/10\/logo-1.svg","contentUrl":"https:\/\/biofood.md\/wp-content\/uploads\/2022\/10\/logo-1.svg","width":298,"height":89,"caption":"Biofood"},"image":{"@id":"https:\/\/biofood.md\/#\/schema\/logo\/image\/"}}]},"product_price_amount":"260.00","product_price_currency":"MDL","og_availability":"out of stock","product_availability":"out of stock","product_condition":"new"},"_links":{"self":[{"href":"https:\/\/biofood.md\/en\/wp-json\/wp\/v2\/product\/5672","targetHints":{"allow":["GET"]}}],"collection":[{"href":"https:\/\/biofood.md\/en\/wp-json\/wp\/v2\/product"}],"about":[{"href":"https:\/\/biofood.md\/en\/wp-json\/wp\/v2\/types\/product"}],"replies":[{"embeddable":true,"href":"https:\/\/biofood.md\/en\/wp-json\/wp\/v2\/comments?post=5672"}],"version-history":[{"count":1,"href":"https:\/\/biofood.md\/en\/wp-json\/wp\/v2\/product\/5672\/revisions"}],"predecessor-version":[{"id":5676,"href":"https:\/\/biofood.md\/en\/wp-json\/wp\/v2\/product\/5672\/revisions\/5676"}],"wp:featuredmedia":[{"embeddable":true,"href":"https:\/\/biofood.md\/en\/wp-json\/wp\/v2\/media\/5673"}],"wp:attachment":[{"href":"https:\/\/biofood.md\/en\/wp-json\/wp\/v2\/media?parent=5672"}],"wp:term":[{"taxonomy":"product_cat","embeddable":true,"href":"https:\/\/biofood.md\/en\/wp-json\/wp\/v2\/product_cat?post=5672"},{"taxonomy":"product_tag","embeddable":true,"href":"https:\/\/biofood.md\/en\/wp-json\/wp\/v2\/product_tag?post=5672"}],"curies":[{"name":"wp","href":"https:\/\/api.w.org\/{rel}","templated":true}]}}