{"id":4675,"date":"2022-10-15T21:32:05","date_gmt":"2022-10-15T18:32:05","guid":{"rendered":"https:\/\/biofood.md\/produs\/migdale-in-coaja-500g\/"},"modified":"2023-10-18T16:47:03","modified_gmt":"2023-10-18T13:47:03","slug":"equinox-luchineasa-feteasca-alba-feteasca-regala-750-g","status":"publish","type":"product","link":"https:\/\/biofood.md\/en\/produs\/equinox-luchineasa-feteasca-alba-feteasca-regala-750-g\/","title":{"rendered":"Equinox Luchineasa Feteasca Alba &#038; Feteasca Regala 750 g"},"content":{"rendered":"<p>Luchineasa este denumirea locului din apropierea satului Ol\u0103ne\u0219ti unde se afl\u0103 via noastr\u0103.<\/p>\n<p>Folosind viticultura ecologic\u0103 ne str\u0103duim s\u0103 \u00eencuraj\u0103m biodiversitatea \u00een via noastr\u0103 \u0219i integrarea viei \u00een natura \u00eenconjur\u0103toare.<\/p>\n<p>Asta ne permite s\u0103 ob\u021binem vinuri cu caracter, cu specificul microzonei Luchineasa.<\/p>\n<p>Maturat \u00een butoi de stejar rom\u00e2nesc timp de 6 luni. Edi\u021bie limitat\u0103 de 600 sticle.<\/p>\n<p>Feteasca Alb\u0103 70% Feteasca Regal\u0103 30%<\/p>\n","protected":false},"excerpt":{"rendered":"<p>Luchineasa este denumirea locului din apropierea satului Ol\u0103ne\u0219ti unde se afl\u0103 via noastr\u0103. Folosind viticultura ecologic\u0103 ne str\u0103duim s\u0103 \u00eencuraj\u0103m<\/p>\n","protected":false},"featured_media":5775,"comment_status":"closed","ping_status":"closed","template":"","meta":[],"product_cat":[538,388],"product_tag":[],"class_list":["post-4675","product","type-product","status-publish","has-post-thumbnail","hentry","product_cat-eco","product_cat-vinuri","pa_brand-equinox","pa_size-534"],"yoast_head":"<!-- This site is optimized with the Yoast SEO plugin v19.14 - https:\/\/yoast.com\/wordpress\/plugins\/seo\/ -->\n<title>Equinox Luchineasa Feteasca Alba &amp; Feteasca Regala 750 g - Biofood<\/title>\n<meta name=\"robots\" content=\"index, follow, max-snippet:-1, max-image-preview:large, max-video-preview:-1\" \/>\n<link rel=\"canonical\" href=\"https:\/\/biofood.md\/en\/produs\/equinox-luchineasa-feteasca-alba-feteasca-regala-750-g\/\" \/>\n<meta property=\"og:locale\" content=\"en_US\" \/>\n<meta property=\"og:type\" content=\"article\" \/>\n<meta property=\"og:title\" content=\"Equinox Luchineasa Feteasca Alba &amp; Feteasca Regala 750 g - Biofood\" \/>\n<meta property=\"og:description\" content=\"Luchineasa este denumirea locului din apropierea satului Ol\u0103ne\u0219ti unde se afl\u0103 via noastr\u0103. Folosind viticultura ecologic\u0103 ne str\u0103duim s\u0103 \u00eencuraj\u0103m\" \/>\n<meta property=\"og:url\" content=\"https:\/\/biofood.md\/en\/produs\/equinox-luchineasa-feteasca-alba-feteasca-regala-750-g\/\" \/>\n<meta property=\"og:site_name\" content=\"Biofood\" \/>\n<meta property=\"article:modified_time\" content=\"2023-10-18T13:47:03+00:00\" \/>\n<meta property=\"og:image\" content=\"https:\/\/biofood.md\/wp-content\/uploads\/2022\/10\/feteasca-regala-scaled.jpg\" \/>\n\t<meta property=\"og:image:width\" content=\"1920\" \/>\n\t<meta property=\"og:image:height\" content=\"2560\" \/>\n\t<meta property=\"og:image:type\" content=\"image\/jpeg\" \/>\n<meta name=\"twitter:card\" content=\"summary_large_image\" \/>\n<meta name=\"twitter:label1\" content=\"Price\" \/>\n\t<meta name=\"twitter:data1\" content=\"210.00&nbsp;MDL\" \/>\n\t<meta name=\"twitter:label2\" content=\"Availability\" \/>\n\t<meta name=\"twitter:data2\" content=\"In stock\" \/>\n<script type=\"application\/ld+json\" class=\"yoast-schema-graph\">{\"@context\":\"https:\/\/schema.org\",\"@graph\":[{\"@type\":\"WebPage\",\"@id\":\"https:\/\/biofood.md\/en\/produs\/equinox-luchineasa-feteasca-alba-feteasca-regala-750-g\/\",\"url\":\"https:\/\/biofood.md\/en\/produs\/equinox-luchineasa-feteasca-alba-feteasca-regala-750-g\/\",\"name\":\"Equinox Luchineasa Feteasca Alba & Feteasca Regala 750 g - Biofood\",\"isPartOf\":{\"@id\":\"https:\/\/biofood.md\/#website\"},\"datePublished\":\"2022-10-15T18:32:05+00:00\",\"dateModified\":\"2023-10-18T13:47:03+00:00\",\"breadcrumb\":{\"@id\":\"https:\/\/biofood.md\/en\/produs\/equinox-luchineasa-feteasca-alba-feteasca-regala-750-g\/#breadcrumb\"},\"inLanguage\":\"en-US\",\"potentialAction\":[{\"@type\":\"ReadAction\",\"target\":[\"https:\/\/biofood.md\/en\/produs\/equinox-luchineasa-feteasca-alba-feteasca-regala-750-g\/\"]}]},{\"@type\":\"BreadcrumbList\",\"@id\":\"https:\/\/biofood.md\/en\/produs\/equinox-luchineasa-feteasca-alba-feteasca-regala-750-g\/#breadcrumb\",\"itemListElement\":[{\"@type\":\"ListItem\",\"position\":1,\"name\":\"Homepage\",\"item\":\"https:\/\/biofood.md\/en\/\"},{\"@type\":\"ListItem\",\"position\":2,\"name\":\"Shop\",\"item\":\"https:\/\/biofood.md\/en\/shop\/\"},{\"@type\":\"ListItem\",\"position\":3,\"name\":\"ECO\",\"item\":\"https:\/\/biofood.md\/categorie-produs\/eco\/\"},{\"@type\":\"ListItem\",\"position\":4,\"name\":\"Equinox Luchineasa Feteasca Alba &#038; Feteasca Regala 750 g\"}]},{\"@type\":\"WebSite\",\"@id\":\"https:\/\/biofood.md\/#website\",\"url\":\"https:\/\/biofood.md\/\",\"name\":\"Biofood\",\"description\":\"Just another WordPress site\",\"publisher\":{\"@id\":\"https:\/\/biofood.md\/#organization\"},\"potentialAction\":[{\"@type\":\"SearchAction\",\"target\":{\"@type\":\"EntryPoint\",\"urlTemplate\":\"https:\/\/biofood.md\/?s={search_term_string}\"},\"query-input\":\"required name=search_term_string\"}],\"inLanguage\":\"en-US\"},{\"@type\":\"Organization\",\"@id\":\"https:\/\/biofood.md\/#organization\",\"name\":\"Biofood\",\"url\":\"https:\/\/biofood.md\/\",\"logo\":{\"@type\":\"ImageObject\",\"inLanguage\":\"en-US\",\"@id\":\"https:\/\/biofood.md\/#\/schema\/logo\/image\/\",\"url\":\"https:\/\/biofood.md\/wp-content\/uploads\/2022\/10\/logo-1.svg\",\"contentUrl\":\"https:\/\/biofood.md\/wp-content\/uploads\/2022\/10\/logo-1.svg\",\"width\":298,\"height\":89,\"caption\":\"Biofood\"},\"image\":{\"@id\":\"https:\/\/biofood.md\/#\/schema\/logo\/image\/\"}}]}<\/script>\n<meta property=\"product:price:amount\" content=\"210.00\" \/>\n<meta property=\"product:price:currency\" content=\"MDL\" \/>\n<meta property=\"og:availability\" content=\"instock\" \/>\n<meta property=\"product:availability\" content=\"instock\" \/>\n<meta property=\"product:retailer_item_id\" content=\"13\" \/>\n<meta property=\"product:condition\" content=\"new\" \/>\n<!-- \/ Yoast SEO plugin. -->","yoast_head_json":{"title":"Equinox Luchineasa Feteasca Alba & Feteasca Regala 750 g - Biofood","robots":{"index":"index","follow":"follow","max-snippet":"max-snippet:-1","max-image-preview":"max-image-preview:large","max-video-preview":"max-video-preview:-1"},"canonical":"https:\/\/biofood.md\/en\/produs\/equinox-luchineasa-feteasca-alba-feteasca-regala-750-g\/","og_locale":"en_US","og_type":"article","og_title":"Equinox Luchineasa Feteasca Alba & Feteasca Regala 750 g - Biofood","og_description":"Luchineasa este denumirea locului din apropierea satului Ol\u0103ne\u0219ti unde se afl\u0103 via noastr\u0103. Folosind viticultura ecologic\u0103 ne str\u0103duim s\u0103 \u00eencuraj\u0103m","og_url":"https:\/\/biofood.md\/en\/produs\/equinox-luchineasa-feteasca-alba-feteasca-regala-750-g\/","og_site_name":"Biofood","article_modified_time":"2023-10-18T13:47:03+00:00","og_image":[{"width":1920,"height":2560,"url":"https:\/\/biofood.md\/wp-content\/uploads\/2022\/10\/feteasca-regala-scaled.jpg","type":"image\/jpeg"}],"twitter_card":"summary_large_image","twitter_misc":{"Price":"210.00&nbsp;MDL","Availability":"In stock"},"schema":{"@context":"https:\/\/schema.org","@graph":[{"@type":"WebPage","@id":"https:\/\/biofood.md\/en\/produs\/equinox-luchineasa-feteasca-alba-feteasca-regala-750-g\/","url":"https:\/\/biofood.md\/en\/produs\/equinox-luchineasa-feteasca-alba-feteasca-regala-750-g\/","name":"Equinox Luchineasa Feteasca Alba & Feteasca Regala 750 g - Biofood","isPartOf":{"@id":"https:\/\/biofood.md\/#website"},"datePublished":"2022-10-15T18:32:05+00:00","dateModified":"2023-10-18T13:47:03+00:00","breadcrumb":{"@id":"https:\/\/biofood.md\/en\/produs\/equinox-luchineasa-feteasca-alba-feteasca-regala-750-g\/#breadcrumb"},"inLanguage":"en-US","potentialAction":[{"@type":"ReadAction","target":["https:\/\/biofood.md\/en\/produs\/equinox-luchineasa-feteasca-alba-feteasca-regala-750-g\/"]}]},{"@type":"BreadcrumbList","@id":"https:\/\/biofood.md\/en\/produs\/equinox-luchineasa-feteasca-alba-feteasca-regala-750-g\/#breadcrumb","itemListElement":[{"@type":"ListItem","position":1,"name":"Homepage","item":"https:\/\/biofood.md\/en\/"},{"@type":"ListItem","position":2,"name":"Shop","item":"https:\/\/biofood.md\/en\/shop\/"},{"@type":"ListItem","position":3,"name":"ECO","item":"https:\/\/biofood.md\/categorie-produs\/eco\/"},{"@type":"ListItem","position":4,"name":"Equinox Luchineasa Feteasca Alba &#038; Feteasca Regala 750 g"}]},{"@type":"WebSite","@id":"https:\/\/biofood.md\/#website","url":"https:\/\/biofood.md\/","name":"Biofood","description":"Just another WordPress site","publisher":{"@id":"https:\/\/biofood.md\/#organization"},"potentialAction":[{"@type":"SearchAction","target":{"@type":"EntryPoint","urlTemplate":"https:\/\/biofood.md\/?s={search_term_string}"},"query-input":"required name=search_term_string"}],"inLanguage":"en-US"},{"@type":"Organization","@id":"https:\/\/biofood.md\/#organization","name":"Biofood","url":"https:\/\/biofood.md\/","logo":{"@type":"ImageObject","inLanguage":"en-US","@id":"https:\/\/biofood.md\/#\/schema\/logo\/image\/","url":"https:\/\/biofood.md\/wp-content\/uploads\/2022\/10\/logo-1.svg","contentUrl":"https:\/\/biofood.md\/wp-content\/uploads\/2022\/10\/logo-1.svg","width":298,"height":89,"caption":"Biofood"},"image":{"@id":"https:\/\/biofood.md\/#\/schema\/logo\/image\/"}}]},"product_price_amount":"210.00","product_price_currency":"MDL","og_availability":"instock","product_availability":"instock","product_retailer_item_id":"13","product_condition":"new"},"_links":{"self":[{"href":"https:\/\/biofood.md\/en\/wp-json\/wp\/v2\/product\/4675","targetHints":{"allow":["GET"]}}],"collection":[{"href":"https:\/\/biofood.md\/en\/wp-json\/wp\/v2\/product"}],"about":[{"href":"https:\/\/biofood.md\/en\/wp-json\/wp\/v2\/types\/product"}],"replies":[{"embeddable":true,"href":"https:\/\/biofood.md\/en\/wp-json\/wp\/v2\/comments?post=4675"}],"version-history":[{"count":3,"href":"https:\/\/biofood.md\/en\/wp-json\/wp\/v2\/product\/4675\/revisions"}],"predecessor-version":[{"id":5668,"href":"https:\/\/biofood.md\/en\/wp-json\/wp\/v2\/product\/4675\/revisions\/5668"}],"wp:featuredmedia":[{"embeddable":true,"href":"https:\/\/biofood.md\/en\/wp-json\/wp\/v2\/media\/5775"}],"wp:attachment":[{"href":"https:\/\/biofood.md\/en\/wp-json\/wp\/v2\/media?parent=4675"}],"wp:term":[{"taxonomy":"product_cat","embeddable":true,"href":"https:\/\/biofood.md\/en\/wp-json\/wp\/v2\/product_cat?post=4675"},{"taxonomy":"product_tag","embeddable":true,"href":"https:\/\/biofood.md\/en\/wp-json\/wp\/v2\/product_tag?post=4675"}],"curies":[{"name":"wp","href":"https:\/\/api.w.org\/{rel}","templated":true}]}}